{"id":28,"date":"2021-08-21T16:30:06","date_gmt":"2021-08-21T14:30:06","guid":{"rendered":"https:\/\/wordpressexperience.com\/?page_id=28"},"modified":"2025-02-18T19:44:00","modified_gmt":"2025-02-18T18:44:00","slug":"about-us","status":"publish","type":"page","link":"https:\/\/cannaseedsonline.com\/pt\/about-us\/","title":{"rendered":"Sobre a Canna Seeds Online"},"content":{"rendered":"<h2>O nosso objetivo \u00e9 simples.<\/h2>\n<p>O que come\u00e7ou por ser um passatempo, transformou-se, atrav\u00e9s da paix\u00e3o, numa organiza\u00e7\u00e3o vers\u00e1til que se preocupa com a planta \u00fanica do c\u00e2nhamo. A grande variedade dos muitos tipos de plantas de c\u00e2nhamo com actividades naturais positivas especiais surpreende-nos repetidamente.<\/p>\n<p>O nosso objetivo \u00e9 oferecer as melhores e mais acess\u00edveis sementes de can\u00e1bis online. O nosso neg\u00f3cio cresceu e tornou-se num dos mais conhecidos fornecedores de sementes de can\u00e1bis na Holanda.<\/p>\n<p>Somos apaixonados pela can\u00e1bis e queremos partilhar essa paix\u00e3o consigo. Fornecemos aos clientes todas as suas necessidades de sementes de can\u00e1bis, incluindo sementes feminizadas, sementes regulares, sementes autoflorescentes e v\u00e1rias estirpes, como Indica, Sativa e h\u00edbridas.<\/p>\n<p>A boa not\u00edcia \u00e9 que as sementes de can\u00e1bis est\u00e3o prontamente dispon\u00edveis online no nosso site. Pode ficar descansado ao encomendar as suas sementes connosco, sabendo que os nossos produtos s\u00e3o da mais alta qualidade sem aditivos prejudiciais.<\/p>\n<p>Somos bem conhecidos pela nossa grande sele\u00e7\u00e3o de sementes de can\u00e1bis que s\u00e3o sempre 100% discretamente embaladas! Isto significa que quando nos encomendar as suas sementes de can\u00e1bis favoritas, a sua encomenda estar\u00e1 sempre numa embalagem simples sem qualquer refer\u00eancia ao nosso site ou nome da empresa.<\/p>","protected":false},"excerpt":{"rendered":"<p>O nosso objetivo \u00e9 simples. O que come\u00e7ou como um passatempo cresceu atrav\u00e9s da paix\u00e3o e tornou-se numa organiza\u00e7\u00e3o vers\u00e1til que se preocupa com a planta \u00fanica do c\u00e2nhamo. A grande variedade dos muitos tipos de plantas de c\u00e2nhamo com actividades naturais positivas especiais surpreende-nos repetidamente. O nosso objetivo \u00e9 oferecer as melhores e mais acess\u00edveis Cannabis Seeds Online....<\/p>","protected":false},"author":2,"featured_media":0,"parent":0,"menu_order":2,"comment_status":"closed","ping_status":"closed","template":"","meta":{"_seopress_robots_primary_cat":"","_seopress_titles_title":"%%post_title%% the Cannabis Seeds Store","_seopress_titles_desc":"We are passionate about cannabis and we want to share this passion with you, to offer the best and most affordable Cannabis seeds.","_seopress_robots_index":"","_kad_post_transparent":"default","_kad_post_title":"above","_kad_post_layout":"left","_kad_post_sidebar_id":"","_kad_post_content_style":"default","_kad_post_vertical_padding":"default","_kad_post_feature":"","_kad_post_feature_position":"","_kad_post_header":false,"_kad_post_footer":false,"_kad_post_classname":"","footnotes":""},"class_list":["post-28","page","type-page","status-publish"],"_links":{"self":[{"href":"https:\/\/cannaseedsonline.com\/pt\/wp-json\/wp\/v2\/pages\/28","targetHints":{"allow":["GET"]}}],"collection":[{"href":"https:\/\/cannaseedsonline.com\/pt\/wp-json\/wp\/v2\/pages"}],"about":[{"href":"https:\/\/cannaseedsonline.com\/pt\/wp-json\/wp\/v2\/types\/page"}],"author":[{"embeddable":true,"href":"https:\/\/cannaseedsonline.com\/pt\/wp-json\/wp\/v2\/users\/2"}],"replies":[{"embeddable":true,"href":"https:\/\/cannaseedsonline.com\/pt\/wp-json\/wp\/v2\/comments?post=28"}],"version-history":[{"count":0,"href":"https:\/\/cannaseedsonline.com\/pt\/wp-json\/wp\/v2\/pages\/28\/revisions"}],"wp:attachment":[{"href":"https:\/\/cannaseedsonline.com\/pt\/wp-json\/wp\/v2\/media?parent=28"}],"curies":[{"name":"wp","href":"https:\/\/api.w.org\/{rel}","templated":true}]}}