{"id":1173,"date":"2021-08-22T06:41:12","date_gmt":"2021-08-22T04:41:12","guid":{"rendered":"https:\/\/wordpressexperience.com\/?page_id=1173"},"modified":"2025-02-11T14:09:06","modified_gmt":"2025-02-11T13:09:06","slug":"how-to-germinate-cannabis-seeds","status":"publish","type":"page","link":"https:\/\/cannaseedsonline.com\/pt\/cannabis-information\/how-to-germinate-cannabis-seeds\/","title":{"rendered":"Como germinar sementes de can\u00e1bis"},"content":{"rendered":"<div data-elementor-type=\"wp-page\" data-elementor-id=\"1173\" class=\"elementor elementor-1173\" data-elementor-post-type=\"page\">\n\t\t\t\t<div class=\"elementor-element elementor-element-8b1a566 e-con-full e-flex e-con e-child\" data-id=\"8b1a566\" data-element_type=\"container\" data-e-type=\"container\" data-settings=\"{&quot;background_background&quot;:&quot;classic&quot;}\">\n\t\t\t\t<div class=\"elementor-element elementor-element-25cae52 elementor-widget elementor-widget-heading\" data-id=\"25cae52\" data-element_type=\"widget\" data-e-type=\"widget\" data-widget_type=\"heading.default\">\n\t\t\t\t\t<h2 class=\"elementor-heading-title elementor-size-default\">Germinar com \u00eaxito as sementes de can\u00e1bis<\/h2>\t\t\t\t<\/div>\n\t\t\t\t<div class=\"elementor-element elementor-element-c6d758d elementor-widget elementor-widget-text-editor\" data-id=\"c6d758d\" data-element_type=\"widget\" data-e-type=\"widget\" data-widget_type=\"text-editor.default\">\n\t\t\t\t\t\t\t\t\t<p>Existem duas formas bem conhecidas de germinar as sementes de can\u00e1bis. Uma consiste em colocar as sementes num copo de \u00e1gua destilada durante 24 a 48 horas. A outra \u00e9 coloc\u00e1-las entre dois pratos com tecido h\u00famido. Embora esta estrat\u00e9gia de germina\u00e7\u00e3o funcione muito bem, recomendamos que germine as suas sementes de Cannabis entre dois pratos de tecido\/papel h\u00famido. Conclu\u00edmos que a taxa de germina\u00e7\u00e3o \u00e9 mais elevada, uma vez que testamos constantemente a taxa de germina\u00e7\u00e3o das sementes de can\u00e1bis que vendemos. Estamos a falar de milhares de sementes testadas quanto \u00e0 germina\u00e7\u00e3o.<\/p>\t\t\t\t\t\t\t\t<\/div>\n\t\t\t\t<div class=\"elementor-element elementor-element-a0de1e8 elementor-widget elementor-widget-heading\" data-id=\"a0de1e8\" data-element_type=\"widget\" data-e-type=\"widget\" data-widget_type=\"heading.default\">\n\t\t\t\t\t<h4 class=\"elementor-heading-title elementor-size-default\">As seguintes regras devem ser tidas em conta antes de iniciar a germina\u00e7\u00e3o das sementes de can\u00e1bis.<\/h4>\t\t\t\t<\/div>\n\t\t\t\t<div class=\"elementor-element elementor-element-4a45465 elementor-widget elementor-widget-text-editor\" data-id=\"4a45465\" data-element_type=\"widget\" data-e-type=\"widget\" data-widget_type=\"text-editor.default\">\n\t\t\t\t\t\t\t\t\t<ul><li>N\u00e3o tocar nas sementes com as m\u00e3os desprotegidas. Utilizar luvas ou pin\u00e7as macias.<\/li><li>Utiliza apenas \u00e1gua engarrafada ou destilada. A \u00e1gua da torneira ou de um po\u00e7o diminuir\u00e1 drasticamente a taxa de germina\u00e7\u00e3o.<\/li><li>N\u00e3o utilize c\u00fapulas de humidade estanques para a germina\u00e7\u00e3o. Impedem a circula\u00e7\u00e3o de ar vital e causar\u00e3o bolor, desperdi\u00e7ando as suas pl\u00e2ntulas.<\/li><li>Germinar as sementes a uma temperatura de 25 graus Celsius (78 graus Fahrenheit) e evitar as flutua\u00e7\u00f5es de temperatura.<\/li><\/ul>\t\t\t\t\t\t\t\t<\/div>\n\t\t\t\t<div class=\"elementor-element elementor-element-bfd184a elementor-widget elementor-widget-heading\" data-id=\"bfd184a\" data-element_type=\"widget\" data-e-type=\"widget\" data-widget_type=\"heading.default\">\n\t\t\t\t\t<h4 class=\"elementor-heading-title elementor-size-default\">Germinar as sementes de Cannabis entre dois pratos e um tecido h\u00famido.<\/h4>\t\t\t\t<\/div>\n\t\t\t\t<div class=\"elementor-element elementor-element-44ccd76 elementor-widget elementor-widget-heading\" data-id=\"44ccd76\" data-element_type=\"widget\" data-e-type=\"widget\" data-widget_type=\"heading.default\">\n\t\t\t\t\t<span class=\"elementor-heading-title elementor-size-default\">Os materiais necess\u00e1rios:<\/span>\t\t\t\t<\/div>\n\t\t\t\t<div class=\"elementor-element elementor-element-7908e70 elementor-widget elementor-widget-text-editor\" data-id=\"7908e70\" data-element_type=\"widget\" data-e-type=\"widget\" data-widget_type=\"text-editor.default\">\n\t\t\t\t\t\t\t\t\t<ul><li>Dois pratos iguais.<\/li><li>Tecidos, papel ou outro material que contenha \u00e1gua (ph-neutro).<\/li><li>\u00c1gua destilada limpa e de pH neutro \u00e0 temperatura ambiente.<\/li><li>Luvas desinfectadas (aquelas brancas que os m\u00e9dicos usam).<\/li><\/ul>\t\t\t\t\t\t\t\t<\/div>\n\t\t\t\t<div class=\"elementor-element elementor-element-4a7972e elementor-widget elementor-widget-heading\" data-id=\"4a7972e\" data-element_type=\"widget\" data-e-type=\"widget\" data-widget_type=\"heading.default\">\n\t\t\t\t\t<h4 class=\"elementor-heading-title elementor-size-default\">Processo de germina\u00e7\u00e3o<\/h4>\t\t\t\t<\/div>\n\t\t\t\t<div class=\"elementor-element elementor-element-8f27277 elementor-widget elementor-widget-text-editor\" data-id=\"8f27277\" data-element_type=\"widget\" data-e-type=\"widget\" data-widget_type=\"text-editor.default\">\n\t\t\t\t\t\t\t\t\t<ul><li>Colocar alguns len\u00e7os de papel humedecidos no primeiro prato. Certifique-se de que os len\u00e7os n\u00e3o est\u00e3o demasiado h\u00famidos, por isso escorra o excesso de \u00e1gua da placa. Tal como referido anteriormente, a \u00e1gua tem de estar \u00e0 temperatura ambiente.<\/li><li>Agora, coloque as sementes de cannabis por cima do tecido h\u00famido, dando a cada semente o m\u00e1ximo de espa\u00e7o poss\u00edvel.<\/li><li>Colocar mais um pouco de tecido h\u00famido por cima das sementes para que fiquem totalmente cobertas.<\/li><li>Agora, coloque o segundo prato de cabe\u00e7a para baixo em cima do primeiro prato.<\/li><li>Colocar a placa com as sementes num ambiente quente e escuro, onde n\u00e3o ocorram flutua\u00e7\u00f5es de temperatura.<\/li><\/ul>\t\t\t\t\t\t\t\t<\/div>\n\t\t\t\t<div class=\"elementor-element elementor-element-f9eb227 elementor-widget elementor-widget-spacer\" data-id=\"f9eb227\" data-element_type=\"widget\" data-e-type=\"widget\" data-widget_type=\"spacer.default\">\n\t\t\t\t\t\t\t<div class=\"elementor-spacer\">\n\t\t\t<div class=\"elementor-spacer-inner\"><\/div>\n\t\t<\/div>\n\t\t\t\t\t\t<\/div>\n\t\t\t\t<div class=\"elementor-element elementor-element-643d322 elementor-widget elementor-widget-text-editor\" data-id=\"643d322\" data-element_type=\"widget\" data-e-type=\"widget\" data-widget_type=\"text-editor.default\">\n\t\t\t\t\t\t\t\t\t<p>Muitas vezes demora at\u00e9 72 horas para que as sementes prim\u00e1rias de can\u00e1bis se abram e criem ra\u00edzes. Em alguns casos extremos, as sementes podem demorar at\u00e9 dez dias antes de criarem ra\u00edzes.<\/p><p>Quando o tamanho da raiz que emergiu das sementes for de cerca de 2,5 cm \/ 1 polegada, poder\u00e1s mud\u00e1-las para o teu meio de cultivo alternativo (solo, l\u00e3 de rocha ou fibra de coco, por exemplo). Cuidado aqui, n\u00e3o entre em contacto com as sementes com as suas m\u00e3os nuas, e preserve-as da luz solar direta.<\/p><p>Criar um espa\u00e7o no meio para cada semente. Insira as sementes com a raiz para baixo, de modo que elas estejam 0,5 cm \/ 0,2 polegadas abaixo do ch\u00e3o, simplesmente o suficiente para represar a luz. Cubra a semente com 0,2\u2033 de solo e agencie levemente. As mudas muitas vezes emergem do meio de crescimento em 24 a 72 horas depois de ter plantado as sementes germinadas. Uma vez que o fa\u00e7am, \u00e9 hora de coloc\u00e1-las abaixo (sol) suave e come\u00e7ar a subir.<\/p><p>Se estiveres a planear cultivar ao ar livre, deves colocar as sementes de can\u00e1bis germinadas no parapeito da janela durante duas semanas para que se habituem \u00e0 luz solar e \u00e0s flutua\u00e7\u00f5es de temperatura.<\/p><p>Cultivo de marijuana que descrevemos na nossa <a href=\"https:\/\/cannaseedsonline.com\/marijuana-information\/how-to-grow-marijuana\/\"><strong>Como cultivar Cannabis pag<\/strong>e<\/a>.<\/p>\t\t\t\t\t\t\t\t<\/div>\n\t\t\t\t<\/div>\n\t\t\t\t<\/div>","protected":false},"excerpt":{"rendered":"<p>Germinar sementes de can\u00e1bis com sucesso H\u00e1 duas formas bem conhecidas de germinar sementes de can\u00e1bis. Uma \u00e9 colocar as sementes num copo de \u00e1gua destilada durante 24 a 48 horas. A outra \u00e9 coloc\u00e1-las entre dois pratos com tecido h\u00famido. Embora esta estrat\u00e9gia de germina\u00e7\u00e3o funcione muito bem, recomendamos que germine as suas sementes de Cannabis...<\/p>","protected":false},"author":2,"featured_media":0,"parent":1177,"menu_order":7,"comment_status":"closed","ping_status":"closed","template":"","meta":{"_seopress_robots_primary_cat":"","_seopress_titles_title":"Germinate Cannabis Seeds Easy Moist Tissue Method","_seopress_titles_desc":"Learn the best method to germinate Cannabis seeds with high success. Use our expert tips for perfect germination with no mold or common mistakes.","_seopress_robots_index":"","_kad_post_transparent":"default","_kad_post_title":"above","_kad_post_layout":"default","_kad_post_sidebar_id":"","_kad_post_content_style":"default","_kad_post_vertical_padding":"default","_kad_post_feature":"hide","_kad_post_feature_position":"","_kad_post_header":false,"_kad_post_footer":false,"_kad_post_classname":"","footnotes":""},"class_list":["post-1173","page","type-page","status-publish"],"_links":{"self":[{"href":"https:\/\/cannaseedsonline.com\/pt\/wp-json\/wp\/v2\/pages\/1173","targetHints":{"allow":["GET"]}}],"collection":[{"href":"https:\/\/cannaseedsonline.com\/pt\/wp-json\/wp\/v2\/pages"}],"about":[{"href":"https:\/\/cannaseedsonline.com\/pt\/wp-json\/wp\/v2\/types\/page"}],"author":[{"embeddable":true,"href":"https:\/\/cannaseedsonline.com\/pt\/wp-json\/wp\/v2\/users\/2"}],"replies":[{"embeddable":true,"href":"https:\/\/cannaseedsonline.com\/pt\/wp-json\/wp\/v2\/comments?post=1173"}],"version-history":[{"count":0,"href":"https:\/\/cannaseedsonline.com\/pt\/wp-json\/wp\/v2\/pages\/1173\/revisions"}],"up":[{"embeddable":true,"href":"https:\/\/cannaseedsonline.com\/pt\/wp-json\/wp\/v2\/pages\/1177"}],"wp:attachment":[{"href":"https:\/\/cannaseedsonline.com\/pt\/wp-json\/wp\/v2\/media?parent=1173"}],"curies":[{"name":"wp","href":"https:\/\/api.w.org\/{rel}","templated":true}]}}