{"id":1156,"date":"2021-08-22T06:32:37","date_gmt":"2021-08-22T04:32:37","guid":{"rendered":"https:\/\/wordpressexperience.com\/?page_id=1156"},"modified":"2025-02-11T14:57:42","modified_gmt":"2025-02-11T13:57:42","slug":"privacy-policy","status":"publish","type":"page","link":"https:\/\/cannaseedsonline.com\/pt\/customer-support\/privacy-policy\/","title":{"rendered":"Pol\u00edtica de privacidade"},"content":{"rendered":"<h2>A privacidade dos nossos clientes \u00e9 uma das nossas principais preocupa\u00e7\u00f5es.<\/h2>\n<p>Este s\u00edtio Web \u00e9 administrado pela Canna Seeds Online.<\/p>\n<p>Quando visita este website, o Canna Seeds Online pode recolher dados pessoais sobre si, quer diretamente (quando lhe \u00e9 pedido que forne\u00e7a os dados) quer indiretamente. No entanto, a Canna Seeds Online apenas utilizar\u00e1 estes dados pessoais de acordo com os objectivos estabelecidos nesta Declara\u00e7\u00e3o de Privacidade e compromete-se a salvaguardar as informa\u00e7\u00f5es pessoais recolhidas. Esta declara\u00e7\u00e3o define as finalidades do processamento de dados da Canna Seeds Online relativamente a este s\u00edtio Web, a utiliza\u00e7\u00e3o de cookies e a forma de exercer os seus direitos relativamente aos seus dados pessoais.<\/p>\n<h4>Objectivos do tratamento<\/h4>\n<p>A Canna Seeds Online recolhe e processa informa\u00e7\u00f5es sobre os clientes e visitantes do seu s\u00edtio Web para conduzir a sua atividade, para informar e disponibilizar produtos e servi\u00e7os que possam ser do seu interesse e para o desenvolvimento de estat\u00edsticas da Web. A informa\u00e7\u00e3o que fornecer ser\u00e1 utilizada para o contactar quando necess\u00e1rio, por exemplo, para o notificar sobre altera\u00e7\u00f5es de funcionalidade do s\u00edtio Web e para lhe oferecer servi\u00e7os que possa considerar \u00fateis (desde que n\u00e3o tenha optado por n\u00e3o receber tais servi\u00e7os).<\/p>\n<h4>Dados sens\u00edveis<\/h4>\n<p>O Canna Seeds Online n\u00e3o procura recolher dados pessoais sens\u00edveis (tais como dados que revelem opini\u00f5es pol\u00edticas, cren\u00e7as religiosas, ou dados relativos \u00e0 sa\u00fade ou \u00e0 vida sexual) atrav\u00e9s deste s\u00edtio. Se o Canna Seeds Online pretender recolher tais dados, ser-lhe-\u00e1 pedido o seu consentimento pr\u00e9vio para o efeito. Por favor note que ao fornecer ao Servi\u00e7o Online da Canna Seeds dados pessoais sens\u00edveis n\u00e3o solicitados, est\u00e1 a consentir que usemos esses dados como descrito acima.<\/p>\n<h4>Biscoitos<\/h4>\n<p>A Canna Seeds Online pode recolher e analisar informa\u00e7\u00f5es relativas \u00e0 utiliza\u00e7\u00e3o deste s\u00edtio Web, incluindo o nome do dom\u00ednio, o n\u00famero de visitas, as p\u00e1ginas visitadas, os s\u00edtios anteriores\/subsequentes visitados e a dura\u00e7\u00e3o da sess\u00e3o do utilizador. Estas informa\u00e7\u00f5es podem ser recolhidas atrav\u00e9s da utiliza\u00e7\u00e3o de um cookie. Um cookie \u00e9 um pequeno ficheiro de texto colocado no seu disco r\u00edgido pelo nosso servidor de p\u00e1ginas Web. O utilizador pode optar por utilizar ou n\u00e3o um cookie alterando as defini\u00e7\u00f5es do seu browser. Um cookie tornar\u00e1 a utiliza\u00e7\u00e3o deste s\u00edtio Web mais r\u00e1pida e f\u00e1cil.<\/p>\n<h4>S\u00edtios de terceiros<\/h4>\n<p>Note-se que a presente Declara\u00e7\u00e3o de Privacidade n\u00e3o \u00e9 extens\u00edvel a s\u00edtios de terceiros ligados a este s\u00edtio Web.<\/p>\n<p>Como contactar a Canna Seeds Online<br \/>\nSe tiver alguma d\u00favida sobre esta Declara\u00e7\u00e3o de Privacidade ou sobre as nossas actividades de tratamento de dados, pode contactar-nos atrav\u00e9s do nosso formul\u00e1rio de contacto ou por correio normal:<\/p>\n<h5>Detalhes da empresa<\/h5>\n<p>Sementes de Canna Online<br \/>\nAnna van Renesseplein 8<br \/>\n1911 KN Uitgeest<\/p>\n<p>KvK: 34283748<br \/>\nBTW-nr: NL818502915B01<br \/>\nTel: +31612637177<\/p>\n<h5>Apoio ao cliente<\/h5>\n<p>Sementes de Canna Online<br \/>\nPostbus 191<br \/>\n1940 AD Beverwijk<\/p>\n<p>KvK: 34283748<br \/>\nBTW-nr:NL818502915B01<br \/>\nTel: +31612637177<\/p>","protected":false},"excerpt":{"rendered":"<p>A privacidade dos nossos clientes \u00e9 uma das nossas principais preocupa\u00e7\u00f5es. Este s\u00edtio Web \u00e9 administrado pelo Canna Seeds Online. Quando visita este website, o Canna Seeds Online pode recolher dados pessoais sobre si, quer diretamente (quando lhe \u00e9 pedido que forne\u00e7a os dados) quer indiretamente. No entanto, a Canna Seeds Online apenas utilizar\u00e1 estes dados pessoais...<\/p>","protected":false},"author":2,"featured_media":0,"parent":1178,"menu_order":19,"comment_status":"closed","ping_status":"closed","template":"","meta":{"_seopress_robots_primary_cat":"","_seopress_titles_title":"","_seopress_titles_desc":"Canna Seeds Online will only use these personal data in accordance with the purposes set forth in this Privacy Statement.","_seopress_robots_index":"","_kad_post_transparent":"default","_kad_post_title":"default","_kad_post_layout":"default","_kad_post_sidebar_id":"","_kad_post_content_style":"default","_kad_post_vertical_padding":"default","_kad_post_feature":"","_kad_post_feature_position":"","_kad_post_header":false,"_kad_post_footer":false,"_kad_post_classname":"","footnotes":""},"class_list":["post-1156","page","type-page","status-publish"],"_links":{"self":[{"href":"https:\/\/cannaseedsonline.com\/pt\/wp-json\/wp\/v2\/pages\/1156","targetHints":{"allow":["GET"]}}],"collection":[{"href":"https:\/\/cannaseedsonline.com\/pt\/wp-json\/wp\/v2\/pages"}],"about":[{"href":"https:\/\/cannaseedsonline.com\/pt\/wp-json\/wp\/v2\/types\/page"}],"author":[{"embeddable":true,"href":"https:\/\/cannaseedsonline.com\/pt\/wp-json\/wp\/v2\/users\/2"}],"replies":[{"embeddable":true,"href":"https:\/\/cannaseedsonline.com\/pt\/wp-json\/wp\/v2\/comments?post=1156"}],"version-history":[{"count":0,"href":"https:\/\/cannaseedsonline.com\/pt\/wp-json\/wp\/v2\/pages\/1156\/revisions"}],"up":[{"embeddable":true,"href":"https:\/\/cannaseedsonline.com\/pt\/wp-json\/wp\/v2\/pages\/1178"}],"wp:attachment":[{"href":"https:\/\/cannaseedsonline.com\/pt\/wp-json\/wp\/v2\/media?parent=1156"}],"curies":[{"name":"wp","href":"https:\/\/api.w.org\/{rel}","templated":true}]}}