{"id":1153,"date":"2021-08-22T06:32:37","date_gmt":"2021-08-22T04:32:37","guid":{"rendered":"https:\/\/wordpressexperience.com\/?page_id=1153"},"modified":"2025-04-21T00:09:11","modified_gmt":"2025-04-20T22:09:11","slug":"cannabis-seeds-bitcoin-payment","status":"publish","type":"page","link":"https:\/\/cannaseedsonline.com\/pt\/customer-support\/cannabis-seeds-bitcoin-payment\/","title":{"rendered":"Sementes de can\u00e1bis Pagamento em Bitcoin"},"content":{"rendered":"<div data-elementor-type=\"wp-page\" data-elementor-id=\"1153\" class=\"elementor elementor-1153\" data-elementor-post-type=\"page\">\n\t\t\t\t\t\t<section class=\"elementor-section elementor-top-section elementor-element elementor-element-4b1e8d8 elementor-section-boxed elementor-section-height-default elementor-section-height-default\" data-id=\"4b1e8d8\" data-element_type=\"section\" data-e-type=\"section\">\n\t\t\t\t\t\t<div class=\"elementor-container elementor-column-gap-no\">\n\t\t\t\t\t<div class=\"elementor-column elementor-col-100 elementor-top-column elementor-element elementor-element-935e7fb\" data-id=\"935e7fb\" data-element_type=\"column\" data-e-type=\"column\">\n\t\t\t<div class=\"elementor-widget-wrap elementor-element-populated\">\n\t\t\t\t\t\t<div class=\"elementor-element elementor-element-c9bae42 elementor-widget elementor-widget-heading\" data-id=\"c9bae42\" data-element_type=\"widget\" data-e-type=\"widget\" data-widget_type=\"heading.default\">\n\t\t\t\t\t<h2 class=\"elementor-heading-title elementor-size-default\">O que s\u00e3o Bitcoins?<\/h2>\t\t\t\t<\/div>\n\t\t\t\t<div class=\"elementor-element elementor-element-491fae2 elementor-widget__width-initial elementor-widget-tablet__width-inherit elementor-widget-mobile__width-inherit elementor-widget elementor-widget-text-editor\" data-id=\"491fae2\" data-element_type=\"widget\" data-e-type=\"widget\" data-widget_type=\"text-editor.default\">\n\t\t\t\t\t\t\t\t\t<p>A moeda Bitcoin existe desde 2009 e \u00e9 uma moeda digital (um peda\u00e7o de c\u00f3digo enigm\u00e1tico) que pode ser utilizada para efetuar compras. No in\u00edcio, as bitcoins eram utilizadas principalmente online, mas atualmente, at\u00e9 o supermercado local pode aceitar bitcoins como m\u00e9todo de pagamento. E n\u00f3s tamb\u00e9m. Agora podes comprar sementes de Cannabis com bitcoins! A grande vantagem das Bitcoins \u00e9 que s\u00e3o an\u00f3nimas. \u00c9 exatamente para isso que os bitcoins foram feitos!<\/p><p>Nenhum banco ou servi\u00e7o secreto sabe quem tem bitcoins e o que compra com eles. Isto porque n\u00e3o existe um banco central que controle e monitorize as transac\u00e7\u00f5es.<\/p><p>Se quiseres saber mais sobre Bitcoins, deves ver o v\u00eddeo. Tamb\u00e9m podes encontrar muita informa\u00e7\u00e3o em <strong><a href=\"http:\/\/en.wikipedia.org\/wiki\/Bitcoin\" target=\"_blank\" rel=\"noopener\">Wikip\u00e9dia sobre Bitcoin<\/a><\/strong> e, claro, no <strong><a href=\"https:\/\/bitcoin.org\/\" target=\"_blank\" rel=\"noopener\">S\u00edtio Web Bitcoin<\/a><\/strong>.<\/p>\t\t\t\t\t\t\t\t<\/div>\n\t\t\t\t<div class=\"elementor-element elementor-element-afe04c5 elementor-widget__width-initial elementor-widget-tablet__width-inherit elementor-widget-mobile__width-inherit elementor-widget elementor-widget-video\" data-id=\"afe04c5\" data-element_type=\"widget\" data-e-type=\"widget\" data-settings=\"{&quot;youtube_url&quot;:&quot;https:\\\/\\\/www.youtube.com\\\/watch?v=Um63OQz3bjo&amp;t=9s&quot;,&quot;video_type&quot;:&quot;youtube&quot;}\" data-widget_type=\"video.default\">\n\t\t\t\t\t\t\t<div class=\"elementor-wrapper elementor-open-inline\">\n\t\t\t<div class=\"elementor-video\"><\/div>\t\t<\/div>\n\t\t\t\t\t\t<\/div>\n\t\t\t\t<div class=\"elementor-element elementor-element-6fc04d1 elementor-widget elementor-widget-heading\" data-id=\"6fc04d1\" data-element_type=\"widget\" data-e-type=\"widget\" data-widget_type=\"heading.default\">\n\t\t\t\t\t<span class=\"elementor-heading-title elementor-size-default\">Compra sementes de can\u00e1bis com Bitcoins e obt\u00e9m um desconto de 10% na tua encomenda!<\/span>\t\t\t\t<\/div>\n\t\t\t\t<div class=\"elementor-element elementor-element-4691630 elementor-widget elementor-widget-heading\" data-id=\"4691630\" data-element_type=\"widget\" data-e-type=\"widget\" data-widget_type=\"heading.default\">\n\t\t\t\t\t<h3 class=\"elementor-heading-title elementor-size-default\">Comprar sementes de can\u00e1bis anonimamente com Bitcoins, como e porqu\u00ea?<\/h3>\t\t\t\t<\/div>\n\t\t\t\t<div class=\"elementor-element elementor-element-b4b1a13 elementor-widget elementor-widget-heading\" data-id=\"b4b1a13\" data-element_type=\"widget\" data-e-type=\"widget\" data-widget_type=\"heading.default\">\n\t\t\t\t\t<span class=\"elementor-heading-title elementor-size-default\">Fornecemos clientes satisfeitos em todo o mundo e raramente temos problemas com pagamentos e envio de sementes de can\u00e1bis. No entanto, se quiser ser 100% an\u00f3nimo, deve comprar sementes de can\u00e1bis com Bitcoins. Como as bitcoins s\u00e3o transaccionadas diretamente entre o comprador e o vendedor, n\u00e3o existe um intermedi\u00e1rio como um banco ou uma institui\u00e7\u00e3o financeira. Isto faz com que uma transa\u00e7\u00e3o de Bitcoin n\u00e3o possa ser rastreada. O nosso servidor est\u00e1 protegido com SSL, o que significa que todos os dados que nos envia atrav\u00e9s de formul\u00e1rios s\u00e3o encriptados a 256 Bits.<\/span>\t\t\t\t<\/div>\n\t\t\t\t<div class=\"elementor-element elementor-element-f5f7140 elementor-widget elementor-widget-heading\" data-id=\"f5f7140\" data-element_type=\"widget\" data-e-type=\"widget\" data-widget_type=\"heading.default\">\n\t\t\t\t\t<h3 class=\"elementor-heading-title elementor-size-default\">Como comprar sementes de can\u00e1bis com Bitcoins<\/h3>\t\t\t\t<\/div>\n\t\t\t\t<div class=\"elementor-element elementor-element-d373e92 elementor-widget__width-initial elementor-widget-mobile__width-inherit elementor-widget elementor-widget-text-editor\" data-id=\"d373e92\" data-element_type=\"widget\" data-e-type=\"widget\" data-widget_type=\"text-editor.default\">\n\t\t\t\t\t\t\t\t\t<p>Comprar sementes de can\u00e1bis com Bitcoins \u00e9 t\u00e3o simples como pagar com qualquer outro m\u00e9todo de pagamento. Adicione as sementes que pretende comprar ao seu carrinho de compras, avance para o checkout e selecione o m\u00e9todo de pagamento: Bitcoins. Se ainda n\u00e3o tiveres Bitcoins, podes obt\u00ea-los em <strong><a href=\"https:\/\/coinbase.com\/\" target=\"_blank\" rel=\"noopener\">coinbase.com<\/a><\/strong><\/p>\t\t\t\t\t\t\t\t<\/div>\n\t\t\t\t<div class=\"elementor-element elementor-element-f29c17a elementor-widget__width-initial elementor-widget-mobile__width-inherit elementor-widget elementor-widget-image\" data-id=\"f29c17a\" data-element_type=\"widget\" data-e-type=\"widget\" data-widget_type=\"image.default\">\n\t\t\t\t\t\t\t\t\t\t\t\t\t\t\t<img loading=\"lazy\" decoding=\"async\" width=\"306\" height=\"64\" src=\"https:\/\/cannaseedsonline.com\/wp-content\/uploads\/bitcoin_logo.svg\" class=\"attachment-full size-full wp-image-1452\" alt=\"Imagem do log\u00f3tipo Bitcoin\" \/>\t\t\t\t\t\t\t\t\t\t\t\t\t\t\t<\/div>\n\t\t\t\t\t<\/div>\n\t\t<\/div>\n\t\t\t\t\t<\/div>\n\t\t<\/section>\n\t\t\t\t<\/div>","protected":false},"excerpt":{"rendered":"<p>O que s\u00e3o Bitcoins? A moeda Bitcoin existe desde 2009 e \u00e9 uma moeda digital (um peda\u00e7o de c\u00f3digo enigm\u00e1tico) que a Bitcoin pode utilizar para efetuar compras. No in\u00edcio, as bitcoins eram utilizadas principalmente online, mas hoje em dia, at\u00e9 o supermercado local pode aceitar bitcoins como m\u00e9todo de pagamento. E n\u00f3s tamb\u00e9m. Agora podes comprar...<\/p>","protected":false},"author":2,"featured_media":0,"parent":1178,"menu_order":14,"comment_status":"closed","ping_status":"closed","template":"","meta":{"_seopress_robots_primary_cat":"","_seopress_titles_title":"Buy Cannabis Seeds with Bitcoin for Anonymous Deals","_seopress_titles_desc":"If you want to order Cannabis seeds and want to be 100% anonymous, you should buy your Cannabis seeds with Bitcoins.","_seopress_robots_index":"","_kad_post_transparent":"default","_kad_post_title":"above","_kad_post_layout":"default","_kad_post_sidebar_id":"","_kad_post_content_style":"default","_kad_post_vertical_padding":"default","_kad_post_feature":"hide","_kad_post_feature_position":"","_kad_post_header":false,"_kad_post_footer":false,"_kad_post_classname":"","footnotes":""},"class_list":["post-1153","page","type-page","status-publish"],"_links":{"self":[{"href":"https:\/\/cannaseedsonline.com\/pt\/wp-json\/wp\/v2\/pages\/1153","targetHints":{"allow":["GET"]}}],"collection":[{"href":"https:\/\/cannaseedsonline.com\/pt\/wp-json\/wp\/v2\/pages"}],"about":[{"href":"https:\/\/cannaseedsonline.com\/pt\/wp-json\/wp\/v2\/types\/page"}],"author":[{"embeddable":true,"href":"https:\/\/cannaseedsonline.com\/pt\/wp-json\/wp\/v2\/users\/2"}],"replies":[{"embeddable":true,"href":"https:\/\/cannaseedsonline.com\/pt\/wp-json\/wp\/v2\/comments?post=1153"}],"version-history":[{"count":0,"href":"https:\/\/cannaseedsonline.com\/pt\/wp-json\/wp\/v2\/pages\/1153\/revisions"}],"up":[{"embeddable":true,"href":"https:\/\/cannaseedsonline.com\/pt\/wp-json\/wp\/v2\/pages\/1178"}],"wp:attachment":[{"href":"https:\/\/cannaseedsonline.com\/pt\/wp-json\/wp\/v2\/media?parent=1153"}],"curies":[{"name":"wp","href":"https:\/\/api.w.org\/{rel}","templated":true}]}}