{"id":1152,"date":"2021-08-22T06:32:37","date_gmt":"2021-08-22T04:32:37","guid":{"rendered":"https:\/\/wordpressexperience.com\/?page_id=1152"},"modified":"2025-04-21T00:09:30","modified_gmt":"2025-04-20T22:09:30","slug":"payment-and-shipping","status":"publish","type":"page","link":"https:\/\/cannaseedsonline.com\/pt\/customer-support\/payment-and-shipping\/","title":{"rendered":"Pagamento e envio"},"content":{"rendered":"<div data-elementor-type=\"wp-page\" data-elementor-id=\"1152\" class=\"elementor elementor-1152\" data-elementor-post-type=\"page\">\n\t\t\t\t\t\t<section class=\"elementor-section elementor-top-section elementor-element elementor-element-62958bd elementor-section-boxed elementor-section-height-default elementor-section-height-default\" data-id=\"62958bd\" data-element_type=\"section\" data-e-type=\"section\">\n\t\t\t\t\t\t<div class=\"elementor-container elementor-column-gap-no\">\n\t\t\t\t\t<div class=\"elementor-column elementor-col-100 elementor-top-column elementor-element elementor-element-ff164ee\" data-id=\"ff164ee\" data-element_type=\"column\" data-e-type=\"column\">\n\t\t\t<div class=\"elementor-widget-wrap elementor-element-populated\">\n\t\t\t\t\t\t<div class=\"elementor-element elementor-element-401578b elementor-widget elementor-widget-heading\" data-id=\"401578b\" data-element_type=\"widget\" data-e-type=\"widget\" data-widget_type=\"heading.default\">\n\t\t\t\t\t<h2 class=\"elementor-heading-title elementor-size-default\">Detalhes relativos ao pagamento, \u00e0 embalagem do produto e \u00e0 entrega<\/h2>\t\t\t\t<\/div>\n\t\t\t\t<div class=\"elementor-element elementor-element-0840832 elementor-widget elementor-widget-heading\" data-id=\"0840832\" data-element_type=\"widget\" data-e-type=\"widget\" data-widget_type=\"heading.default\">\n\t\t\t\t\t<span class=\"elementor-heading-title elementor-size-default\">Tratamento seguro do seu pagamento, entrega discreta e envio r\u00e1pido das suas sementes de can\u00e1bis.<\/span>\t\t\t\t<\/div>\n\t\t\t\t<div class=\"elementor-element elementor-element-33c6cf8 elementor-widget elementor-widget-heading\" data-id=\"33c6cf8\" data-element_type=\"widget\" data-e-type=\"widget\" data-widget_type=\"heading.default\">\n\t\t\t\t\t<span class=\"elementor-heading-title elementor-size-default\">Nota: As nossas sementes de can\u00e1bis s\u00e3o comercializadas como lembran\u00e7as. Pode germinar e expandir em Estados\/Pa\u00edses onde \u00e9 legal, ou tem uma autoriza\u00e7\u00e3o apropriada do Gabinete na sua na\u00e7\u00e3o. Uma loja de sementes de Cannabis pode retirar uma encomenda e reembolsar o reembolso quando acreditamos que um consumidor n\u00e3o est\u00e1 a cumprir as pol\u00edticas corretas.<\/span>\t\t\t\t<\/div>\n\t\t\t\t<div class=\"elementor-element elementor-element-5b16e2c elementor-widget elementor-widget-heading\" data-id=\"5b16e2c\" data-element_type=\"widget\" data-e-type=\"widget\" data-widget_type=\"heading.default\">\n\t\t\t\t\t<h4 class=\"elementor-heading-title elementor-size-default\">Pagamento<\/h4>\t\t\t\t<\/div>\n\t\t\t\t<div class=\"elementor-element elementor-element-20cd429 elementor-widget elementor-widget-heading\" data-id=\"20cd429\" data-element_type=\"widget\" data-e-type=\"widget\" data-widget_type=\"heading.default\">\n\t\t\t\t\t<span class=\"elementor-heading-title elementor-size-default\">Fazemos o nosso melhor para criar o maior n\u00famero poss\u00edvel de alternativas de reembolso. Se tiver algum pedido de novas abordagens de reembolso, pode sempre contactar-nos.<\/span>\t\t\t\t<\/div>\n\t\t\t\t<div class=\"elementor-element elementor-element-113630d elementor-widget elementor-widget-heading\" data-id=\"113630d\" data-element_type=\"widget\" data-e-type=\"widget\" data-widget_type=\"heading.default\">\n\t\t\t\t\t<span class=\"elementor-heading-title elementor-size-default\">Apesar de a nossa organiza\u00e7\u00e3o ser oficial, refinamos cada neg\u00f3cio da forma mais discreta poss\u00edvel. Para qualquer neg\u00f3cio, n\u00e3o especificaremos quaisquer materiais relevantes para a Cannabis. Se a sua institui\u00e7\u00e3o financeira registar o seu reembolso ou enviar o dinheiro num envelope, apresente o seu n\u00famero de encomenda. Por favor, fa\u00e7a o mesmo.\nNunca indicamos material relevante para a can\u00e1bis em resumos de neg\u00f3cios, custos ou facturas.<\/span>\t\t\t\t<\/div>\n\t\t\t\t<div class=\"elementor-element elementor-element-826a356 elementor-widget elementor-widget-heading\" data-id=\"826a356\" data-element_type=\"widget\" data-e-type=\"widget\" data-widget_type=\"heading.default\">\n\t\t\t\t\t<span class=\"elementor-heading-title elementor-size-default\">Nunca indicamos qualquer conte\u00fado relacionado com a can\u00e1bis nas descri\u00e7\u00f5es de transac\u00e7\u00f5es, contas ou facturas.<\/span>\t\t\t\t<\/div>\n\t\t\t\t<div class=\"elementor-element elementor-element-0ea1773 elementor-widget elementor-widget-heading\" data-id=\"0ea1773\" data-element_type=\"widget\" data-e-type=\"widget\" data-widget_type=\"heading.default\">\n\t\t\t\t\t<h4 class=\"elementor-heading-title elementor-size-default\">Entrega<\/h4>\t\t\t\t<\/div>\n\t\t\t\t<div class=\"elementor-element elementor-element-d21e80b elementor-widget elementor-widget-heading\" data-id=\"d21e80b\" data-element_type=\"widget\" data-e-type=\"widget\" data-widget_type=\"heading.default\">\n\t\t\t\t\t<span class=\"elementor-heading-title elementor-size-default\">As encomendas ser\u00e3o certamente entregues em todo o mundo no prazo de 1 dia nos dias de organiza\u00e7\u00e3o, assim que o reembolso for recebido. O prazo de entrega depende n\u00e3o s\u00f3 dos nossos correios mas tamb\u00e9m dos correios do seu bairro. O tempo de entrega depende n\u00e3o s\u00f3 dos nossos correios mas, naturalmente, dos correios do seu bairro. O prazo de entrega depende n\u00e3o s\u00f3 dos nossos correios, mas tamb\u00e9m dos correios do seu bairro.<\/span>\t\t\t\t<\/div>\n\t\t\t\t<div class=\"elementor-element elementor-element-42de4d3 elementor-widget elementor-widget-heading\" data-id=\"42de4d3\" data-element_type=\"widget\" data-e-type=\"widget\" data-widget_type=\"heading.default\">\n\t\t\t\t\t<h4 class=\"elementor-heading-title elementor-size-default\">Embalagem do produto muito discreta e furtiva<\/h4>\t\t\t\t<\/div>\n\t\t\t\t<div class=\"elementor-element elementor-element-a33b206 elementor-widget elementor-widget-heading\" data-id=\"a33b206\" data-element_type=\"widget\" data-e-type=\"widget\" data-widget_type=\"heading.default\">\n\t\t\t\t\t<span class=\"elementor-heading-title elementor-size-default\">A sua encomenda ser\u00e1, sem d\u00favida, carregada de forma a garantir que n\u00e3o h\u00e1 outra maneira de ver, sentir ou cheirar que os seus materiais s\u00e3o sementes de cannabis. Ser\u00e1 certamente semelhante ao correio normal que obt\u00e9m de vez em quando. Compreender o plano, voc\u00ea vai, sem d\u00favida, obt\u00ea-lo pode n\u00e3o parecer como n\u00f3s envi\u00e1-lo. Procure o pacote e os produtos para localizar as sementes que voc\u00ea comprou.<\/span>\t\t\t\t<\/div>\n\t\t\t\t<div class=\"elementor-element elementor-element-aa64e89 elementor-widget elementor-widget-text-editor\" data-id=\"aa64e89\" data-element_type=\"widget\" data-e-type=\"widget\" data-widget_type=\"text-editor.default\">\n\t\t\t\t\t\t\t\t\t<h4>Cuidado<\/h4><ul class=\"caution-list\"><li>Fazemos entregas em quase todos os pa\u00edses do planeta. No entanto, isso nem sempre indica que podemos envi\u00e1-la para si. Em caso de imprevisibilidade, \u00e9 melhor contactar-nos antes de enviar a sua encomenda.<\/li><li>Lembre-se que estamos constantemente do lado do cuidado devido a contradi\u00e7\u00f5es e oposi\u00e7\u00e3o aos regulamentos da vizinhan\u00e7a. No entanto, tendo em conta que as diretrizes se alteram ocasionalmente, gostar\u00edamos certamente que nos telefonasse se pensar que nos recus\u00e1mos injustamente a entregar no seu pa\u00eds e nos fornecesse provas sustent\u00e1veis.<\/li><li>O fornecimento de sementes de can\u00e1bis est\u00e1 isento de pol\u00edtica ao abrigo da conven\u00e7\u00e3o solit\u00e1ria de 1961 sobre subst\u00e2ncias controladas. Em pa\u00edses como os Pa\u00edses Baixos, a flexibilidade para a profiss\u00e3o de sementes de can\u00e1bis est\u00e1 inclu\u00edda nos regulamentos nacionais sobre \u00f3pio e narc\u00f3ticos.<\/li><li>A circula\u00e7\u00e3o, bem como a pol\u00edtica das sementes de can\u00e1bis, variam periodicamente. Por conseguinte, sugerimos que se informe rapidamente sobre as diretrizes que s\u00e3o aplicadas na sua regi\u00e3o.<\/li><li>A Cannabis Seed Store n\u00e3o pretende levar ningu\u00e9m a agir em desacordo com a legisla\u00e7\u00e3o e n\u00e3o pode ser delegada naqueles que o fazem.<\/li><\/ul>\t\t\t\t\t\t\t\t<\/div>\n\t\t\t\t\t<\/div>\n\t\t<\/div>\n\t\t\t\t\t<\/div>\n\t\t<\/section>\n\t\t\t\t<\/div>","protected":false},"excerpt":{"rendered":"<p>Detalhes relativos ao pagamento, \u00e0 embalagem do produto, bem como \u00e0 entrega Tratamento seguro do seu pagamento, entrega discreta e envio r\u00e1pido das suas sementes de can\u00e1bis. Aten\u00e7\u00e3o: As nossas sementes de can\u00e1bis s\u00e3o comercializadas como lembran\u00e7as. Pode germinar e expandir nos Estados\/Pa\u00edses onde \u00e9 legal, ou se tiver uma autoriza\u00e7\u00e3o adequada do Gabinete no seu pa\u00eds....<\/p>","protected":false},"author":2,"featured_media":0,"parent":1178,"menu_order":15,"comment_status":"closed","ping_status":"closed","template":"","meta":{"_seopress_robots_primary_cat":"","_seopress_titles_title":"Secure Payment and Discreet Shipping of Seeds","_seopress_titles_desc":"Information about payment, packaging, and shipping. Secure processing of your payment, discrete shipping, and fast delivery.","_seopress_robots_index":"","_kad_post_transparent":"default","_kad_post_title":"above","_kad_post_layout":"default","_kad_post_sidebar_id":"","_kad_post_content_style":"default","_kad_post_vertical_padding":"default","_kad_post_feature":"hide","_kad_post_feature_position":"","_kad_post_header":false,"_kad_post_footer":false,"_kad_post_classname":"","footnotes":""},"class_list":["post-1152","page","type-page","status-publish"],"_links":{"self":[{"href":"https:\/\/cannaseedsonline.com\/pt\/wp-json\/wp\/v2\/pages\/1152","targetHints":{"allow":["GET"]}}],"collection":[{"href":"https:\/\/cannaseedsonline.com\/pt\/wp-json\/wp\/v2\/pages"}],"about":[{"href":"https:\/\/cannaseedsonline.com\/pt\/wp-json\/wp\/v2\/types\/page"}],"author":[{"embeddable":true,"href":"https:\/\/cannaseedsonline.com\/pt\/wp-json\/wp\/v2\/users\/2"}],"replies":[{"embeddable":true,"href":"https:\/\/cannaseedsonline.com\/pt\/wp-json\/wp\/v2\/comments?post=1152"}],"version-history":[{"count":0,"href":"https:\/\/cannaseedsonline.com\/pt\/wp-json\/wp\/v2\/pages\/1152\/revisions"}],"up":[{"embeddable":true,"href":"https:\/\/cannaseedsonline.com\/pt\/wp-json\/wp\/v2\/pages\/1178"}],"wp:attachment":[{"href":"https:\/\/cannaseedsonline.com\/pt\/wp-json\/wp\/v2\/media?parent=1152"}],"curies":[{"name":"wp","href":"https:\/\/api.w.org\/{rel}","templated":true}]}}