{"id":28,"date":"2021-08-21T16:30:06","date_gmt":"2021-08-21T14:30:06","guid":{"rendered":"https:\/\/wordpressexperience.com\/?page_id=28"},"modified":"2025-02-18T19:44:00","modified_gmt":"2025-02-18T18:44:00","slug":"about-us","status":"publish","type":"page","link":"https:\/\/cannaseedsonline.com\/fr\/about-us\/","title":{"rendered":"A propos de Canna Seeds Online"},"content":{"rendered":"<h2>Notre objectif est simple.<\/h2>\n<p>Ce qui a commenc\u00e9 comme un hobby s'est transform\u00e9, gr\u00e2ce \u00e0 la passion, en une organisation polyvalente qui s'int\u00e9resse \u00e0 la plante unique qu'est le chanvre. La grande vari\u00e9t\u00e9 de types de plantes de chanvre ayant des activit\u00e9s naturelles positives particuli\u00e8res nous \u00e9tonne sans cesse.<\/p>\n<p>Notre objectif est d'offrir les meilleures graines de cannabis en ligne \u00e0 des prix abordables. Notre entreprise est devenue l'un des fournisseurs de graines de cannabis les plus connus des Pays-Bas.<\/p>\n<p>Nous sommes passionn\u00e9s par le cannabis et nous voulons partager cette passion avec vous. Nous fournissons \u00e0 nos clients toutes les graines de cannabis dont ils ont besoin, y compris les graines f\u00e9minis\u00e9es, les graines r\u00e9guli\u00e8res, les graines \u00e0 autofloraison et diverses vari\u00e9t\u00e9s telles que l'Indica, la Sativa et les hybrides.<\/p>\n<p>La bonne nouvelle, c'est que les graines de cannabis sont facilement disponibles en ligne sur notre site. Vous pouvez commander vos graines en toute tranquillit\u00e9, en sachant que nos produits sont de la plus haute qualit\u00e9, sans additifs nocifs.<\/p>\n<p>Nous sommes connus pour notre large s\u00e9lection de graines de cannabis qui sont toujours 100% emball\u00e9es discr\u00e8tement ! Cela signifie que lorsque vous commandez vos graines de cannabis pr\u00e9f\u00e9r\u00e9es chez nous, votre commande sera toujours dans un emballage simple sans aucune r\u00e9f\u00e9rence \u00e0 notre site web ou au nom de notre soci\u00e9t\u00e9.<\/p>","protected":false},"excerpt":{"rendered":"<p>Notre objectif est simple. Ce qui a commenc\u00e9 comme un hobby s'est d\u00e9velopp\u00e9 par passion en une organisation polyvalente qui s'int\u00e9resse \u00e0 l'unique plante de chanvre. La grande vari\u00e9t\u00e9 des nombreux types de plantes de chanvre ayant des activit\u00e9s positives naturelles particuli\u00e8res nous \u00e9tonne sans cesse. Notre objectif est d'offrir les meilleures graines de cannabis en ligne \u00e0 un prix abordable....<\/p>","protected":false},"author":2,"featured_media":0,"parent":0,"menu_order":2,"comment_status":"closed","ping_status":"closed","template":"","meta":{"_seopress_robots_primary_cat":"","_seopress_titles_title":"%%post_title%% the Cannabis Seeds Store","_seopress_titles_desc":"We are passionate about cannabis and we want to share this passion with you, to offer the best and most affordable Cannabis seeds.","_seopress_robots_index":"","_kad_post_transparent":"default","_kad_post_title":"above","_kad_post_layout":"left","_kad_post_sidebar_id":"","_kad_post_content_style":"default","_kad_post_vertical_padding":"default","_kad_post_feature":"","_kad_post_feature_position":"","_kad_post_header":false,"_kad_post_footer":false,"_kad_post_classname":"","footnotes":""},"class_list":["post-28","page","type-page","status-publish"],"_links":{"self":[{"href":"https:\/\/cannaseedsonline.com\/fr\/wp-json\/wp\/v2\/pages\/28","targetHints":{"allow":["GET"]}}],"collection":[{"href":"https:\/\/cannaseedsonline.com\/fr\/wp-json\/wp\/v2\/pages"}],"about":[{"href":"https:\/\/cannaseedsonline.com\/fr\/wp-json\/wp\/v2\/types\/page"}],"author":[{"embeddable":true,"href":"https:\/\/cannaseedsonline.com\/fr\/wp-json\/wp\/v2\/users\/2"}],"replies":[{"embeddable":true,"href":"https:\/\/cannaseedsonline.com\/fr\/wp-json\/wp\/v2\/comments?post=28"}],"version-history":[{"count":0,"href":"https:\/\/cannaseedsonline.com\/fr\/wp-json\/wp\/v2\/pages\/28\/revisions"}],"wp:attachment":[{"href":"https:\/\/cannaseedsonline.com\/fr\/wp-json\/wp\/v2\/media?parent=28"}],"curies":[{"name":"wp","href":"https:\/\/api.w.org\/{rel}","templated":true}]}}