{"id":1179,"date":"2021-08-22T06:41:12","date_gmt":"2021-08-22T04:41:12","guid":{"rendered":"https:\/\/wordpressexperience.com\/?page_id=1179"},"modified":"2025-02-01T00:00:54","modified_gmt":"2025-01-31T23:00:54","slug":"order-tracking","status":"publish","type":"page","link":"https:\/\/cannaseedsonline.com\/fr\/customer-support\/order-tracking\/","title":{"rendered":"Suivi des commandes"},"content":{"rendered":"<h2>Consultez la date de livraison de votre commande<\/h2>\n<p>Indiquez votre num\u00e9ro de commande et votre adresse \u00e9lectronique avec l'adresse de facturation pour obtenir les informations de suivi. Vous trouverez ces informations dans le courrier de confirmation que nous vous avons envoy\u00e9.<\/p>\n<div class=\"woocommerce\"><\/div>","protected":false},"excerpt":{"rendered":"<p>V\u00e9rifiez quand votre commande sera livr\u00e9e Indiquez votre num\u00e9ro de commande et votre adresse \u00e9lectronique avec l'adresse de facturation pour obtenir des informations sur le suivi de votre commande. Vous trouverez ces informations dans le courrier de confirmation que nous vous avons envoy\u00e9.<\/p>","protected":false},"author":2,"featured_media":0,"parent":1178,"menu_order":15,"comment_status":"closed","ping_status":"closed","template":"","meta":{"_seopress_robots_primary_cat":"","_seopress_titles_title":"","_seopress_titles_desc":"Take a look at when your order will be delivered. To track your order please enter your Order ID in the box below and press the Track button.","_seopress_robots_index":"","_kad_post_transparent":"default","_kad_post_title":"above","_kad_post_layout":"default","_kad_post_sidebar_id":"","_kad_post_content_style":"default","_kad_post_vertical_padding":"default","_kad_post_feature":"","_kad_post_feature_position":"","_kad_post_header":false,"_kad_post_footer":false,"_kad_post_classname":"","footnotes":""},"class_list":["post-1179","page","type-page","status-publish"],"_links":{"self":[{"href":"https:\/\/cannaseedsonline.com\/fr\/wp-json\/wp\/v2\/pages\/1179","targetHints":{"allow":["GET"]}}],"collection":[{"href":"https:\/\/cannaseedsonline.com\/fr\/wp-json\/wp\/v2\/pages"}],"about":[{"href":"https:\/\/cannaseedsonline.com\/fr\/wp-json\/wp\/v2\/types\/page"}],"author":[{"embeddable":true,"href":"https:\/\/cannaseedsonline.com\/fr\/wp-json\/wp\/v2\/users\/2"}],"replies":[{"embeddable":true,"href":"https:\/\/cannaseedsonline.com\/fr\/wp-json\/wp\/v2\/comments?post=1179"}],"version-history":[{"count":0,"href":"https:\/\/cannaseedsonline.com\/fr\/wp-json\/wp\/v2\/pages\/1179\/revisions"}],"up":[{"embeddable":true,"href":"https:\/\/cannaseedsonline.com\/fr\/wp-json\/wp\/v2\/pages\/1178"}],"wp:attachment":[{"href":"https:\/\/cannaseedsonline.com\/fr\/wp-json\/wp\/v2\/media?parent=1179"}],"curies":[{"name":"wp","href":"https:\/\/api.w.org\/{rel}","templated":true}]}}