{"id":1173,"date":"2021-08-22T06:41:12","date_gmt":"2021-08-22T04:41:12","guid":{"rendered":"https:\/\/wordpressexperience.com\/?page_id=1173"},"modified":"2025-02-11T14:09:06","modified_gmt":"2025-02-11T13:09:06","slug":"how-to-germinate-cannabis-seeds","status":"publish","type":"page","link":"https:\/\/cannaseedsonline.com\/fr\/cannabis-information\/how-to-germinate-cannabis-seeds\/","title":{"rendered":"Comment faire germer les graines de cannabis"},"content":{"rendered":"<div data-elementor-type=\"wp-page\" data-elementor-id=\"1173\" class=\"elementor elementor-1173\" data-elementor-post-type=\"page\">\n\t\t\t\t<div class=\"elementor-element elementor-element-8b1a566 e-con-full e-flex e-con e-child\" data-id=\"8b1a566\" data-element_type=\"container\" data-e-type=\"container\" data-settings=\"{&quot;background_background&quot;:&quot;classic&quot;}\">\n\t\t\t\t<div class=\"elementor-element elementor-element-25cae52 elementor-widget elementor-widget-heading\" data-id=\"25cae52\" data-element_type=\"widget\" data-e-type=\"widget\" data-widget_type=\"heading.default\">\n\t\t\t\t\t<h2 class=\"elementor-heading-title elementor-size-default\">R\u00e9ussir la germination des graines de cannabis<\/h2>\t\t\t\t<\/div>\n\t\t\t\t<div class=\"elementor-element elementor-element-c6d758d elementor-widget elementor-widget-text-editor\" data-id=\"c6d758d\" data-element_type=\"widget\" data-e-type=\"widget\" data-widget_type=\"text-editor.default\">\n\t\t\t\t\t\t\t\t\t<p>Il existe deux m\u00e9thodes bien connues pour faire germer les graines de cannabis. L'une consiste \u00e0 placer les graines dans un verre d'eau distill\u00e9e pendant 24 \u00e0 48 heures. L'autre consiste \u00e0 les placer entre deux assiettes de tissu humide. Bien que cette strat\u00e9gie de germination fonctionne parfaitement, nous vous recommandons de faire germer vos graines de cannabis entre deux plaques de papier ou de tissu humide. Nous avons conclu que le taux de germination est plus \u00e9lev\u00e9 car nous testons constamment le taux de germination des graines de cannabis que nous vendons. Nous parlons de milliers de graines dont la germination a \u00e9t\u00e9 test\u00e9e.<\/p>\t\t\t\t\t\t\t\t<\/div>\n\t\t\t\t<div class=\"elementor-element elementor-element-a0de1e8 elementor-widget elementor-widget-heading\" data-id=\"a0de1e8\" data-element_type=\"widget\" data-e-type=\"widget\" data-widget_type=\"heading.default\">\n\t\t\t\t\t<h4 class=\"elementor-heading-title elementor-size-default\">Les r\u00e8gles suivantes doivent \u00eatre respect\u00e9es avant de commencer la germination des graines de cannabis.<\/h4>\t\t\t\t<\/div>\n\t\t\t\t<div class=\"elementor-element elementor-element-4a45465 elementor-widget elementor-widget-text-editor\" data-id=\"4a45465\" data-element_type=\"widget\" data-e-type=\"widget\" data-widget_type=\"text-editor.default\">\n\t\t\t\t\t\t\t\t\t<ul><li>Ne touchez pas les graines \u00e0 mains nues. Utilisez des gants ou des pinces souples.<\/li><li>N'utilisez que de l'eau en bouteille ou distill\u00e9e. L'eau du robinet ou l'eau provenant d'un puits r\u00e9duira consid\u00e9rablement le taux de germination.<\/li><li>N'utilisez pas de d\u00f4mes d'humidit\u00e9 herm\u00e9tiques pour la germination. Ils emp\u00eachent la circulation de l'air et provoquent des moisissures, ce qui entra\u00eene le d\u00e9p\u00e9rissement de vos semis.<\/li><li>Faites germer vos graines \u00e0 une temp\u00e9rature de 25 degr\u00e9s Celsius (78 degr\u00e9s Fahrenheit) et \u00e9vitez les fluctuations de temp\u00e9rature.<\/li><\/ul>\t\t\t\t\t\t\t\t<\/div>\n\t\t\t\t<div class=\"elementor-element elementor-element-bfd184a elementor-widget elementor-widget-heading\" data-id=\"bfd184a\" data-element_type=\"widget\" data-e-type=\"widget\" data-widget_type=\"heading.default\">\n\t\t\t\t\t<h4 class=\"elementor-heading-title elementor-size-default\">Faire germer les graines de cannabis entre deux assiettes et un tissu humide.<\/h4>\t\t\t\t<\/div>\n\t\t\t\t<div class=\"elementor-element elementor-element-44ccd76 elementor-widget elementor-widget-heading\" data-id=\"44ccd76\" data-element_type=\"widget\" data-e-type=\"widget\" data-widget_type=\"heading.default\">\n\t\t\t\t\t<span class=\"elementor-heading-title elementor-size-default\">Les fournitures dont vous aurez besoin :<\/span>\t\t\t\t<\/div>\n\t\t\t\t<div class=\"elementor-element elementor-element-7908e70 elementor-widget elementor-widget-text-editor\" data-id=\"7908e70\" data-element_type=\"widget\" data-e-type=\"widget\" data-widget_type=\"text-editor.default\">\n\t\t\t\t\t\t\t\t\t<ul><li>Deux plaques identiques.<\/li><li>Tissus, papier ou autre mat\u00e9riau contenant de l'eau (ph-neutre).<\/li><li>Eau propre, distill\u00e9e et \u00e0 pH neutre, \u00e0 temp\u00e9rature ambiante.<\/li><li>Gants d\u00e9sinfect\u00e9s (les gants blancs que portent les m\u00e9decins).<\/li><\/ul>\t\t\t\t\t\t\t\t<\/div>\n\t\t\t\t<div class=\"elementor-element elementor-element-4a7972e elementor-widget elementor-widget-heading\" data-id=\"4a7972e\" data-element_type=\"widget\" data-e-type=\"widget\" data-widget_type=\"heading.default\">\n\t\t\t\t\t<h4 class=\"elementor-heading-title elementor-size-default\">Proc\u00e9dure de germination<\/h4>\t\t\t\t<\/div>\n\t\t\t\t<div class=\"elementor-element elementor-element-8f27277 elementor-widget elementor-widget-text-editor\" data-id=\"8f27277\" data-element_type=\"widget\" data-e-type=\"widget\" data-widget_type=\"text-editor.default\">\n\t\t\t\t\t\t\t\t\t<ul><li>Placez quelques mouchoirs humides sur la premi\u00e8re plaque. Veillez \u00e0 ce que les mouchoirs ne soient pas trop mouill\u00e9s et videz l'exc\u00e8s d'eau de la plaque. Comme indiqu\u00e9 pr\u00e9c\u00e9demment, l'eau doit \u00eatre \u00e0 temp\u00e9rature ambiante.<\/li><li>Placez ensuite vos graines de cannabis sur le tissu humide, en laissant autant d'espace que possible \u00e0 chaque graine.<\/li><li>Recouvrir les graines d'un peu plus de tissu humide de fa\u00e7on \u00e0 ce qu'elles soient enti\u00e8rement recouvertes.<\/li><li>Placez maintenant la deuxi\u00e8me assiette \u00e0 l'envers sur la premi\u00e8re assiette.<\/li><li>Placer la plaque contenant les graines dans un environnement chaud et sombre o\u00f9 il n'y aura pas de fluctuation de temp\u00e9rature.<\/li><\/ul>\t\t\t\t\t\t\t\t<\/div>\n\t\t\t\t<div class=\"elementor-element elementor-element-f9eb227 elementor-widget elementor-widget-spacer\" data-id=\"f9eb227\" data-element_type=\"widget\" data-e-type=\"widget\" data-widget_type=\"spacer.default\">\n\t\t\t\t\t\t\t<div class=\"elementor-spacer\">\n\t\t\t<div class=\"elementor-spacer-inner\"><\/div>\n\t\t<\/div>\n\t\t\t\t\t\t<\/div>\n\t\t\t\t<div class=\"elementor-element elementor-element-643d322 elementor-widget elementor-widget-text-editor\" data-id=\"643d322\" data-element_type=\"widget\" data-e-type=\"widget\" data-widget_type=\"text-editor.default\">\n\t\t\t\t\t\t\t\t\t<p>Il faut souvent jusqu'\u00e0 72 heures pour que les premi\u00e8res graines de cannabis s'ouvrent et s'enracinent. Dans certains cas extr\u00eames, les graines peuvent prendre jusqu'\u00e0 dix jours avant de s'enraciner.<\/p><p>Lorsque la taille des racines qui ont \u00e9merg\u00e9 des graines est d'environ 2,5 cm, vous pourrez les transplanter dans le milieu de culture de votre choix (terre, laine de roche ou fibre de coco, par exemple). Attention, ne touchez pas les graines \u00e0 mains nues et conservez-les \u00e0 l'abri de la lumi\u00e8re directe du soleil.<\/p><p>Cr\u00e9ez un espace dans le milieu pour chaque graine. Ins\u00e9rez les graines avec la racine vers le bas, de mani\u00e8re \u00e0 ce qu'elles soient \u00e0 0,5 cm sous le sol, juste assez pour faire barrage \u00e0 la lumi\u00e8re. Recouvrez la graine de 0,2\u2033 de terre et arrosez l\u00e9g\u00e8rement. Les plantules \u00e9mergent souvent du milieu de croissance dans les 24 \u00e0 72 heures qui suivent la plantation des graines germ\u00e9es. Une fois qu'elles ont \u00e9merg\u00e9, il est temps de les placer sous le soleil et de commencer \u00e0 les faire pousser.<\/p><p>Si vous envisagez de cultiver en ext\u00e9rieur, vous devez placer les graines de cannabis germ\u00e9es sur le rebord d'une fen\u00eatre pendant deux semaines pour leur permettre de s'habituer \u00e0 la lumi\u00e8re du soleil et aux fluctuations de temp\u00e9rature.<\/p><p>La culture de la marijuana que nous d\u00e9crivons sur notre <a href=\"https:\/\/cannaseedsonline.com\/marijuana-information\/how-to-grow-marijuana\/\"><strong>Comment cultiver du cannabis ?<\/strong>e<\/a>.<\/p>\t\t\t\t\t\t\t\t<\/div>\n\t\t\t\t<\/div>\n\t\t\t\t<\/div>","protected":false},"excerpt":{"rendered":"<p>R\u00e9ussir la germination des graines de cannabis Il existe deux m\u00e9thodes bien connues pour faire germer les graines de cannabis. La premi\u00e8re consiste \u00e0 placer les graines dans un verre d'eau distill\u00e9e pendant 24 \u00e0 48 heures. L'autre consiste \u00e0 les placer entre deux assiettes de tissu humide. Bien que cette strat\u00e9gie de germination fonctionne tr\u00e8s bien, nous vous recommandons de faire germer vos graines de...<\/p>","protected":false},"author":2,"featured_media":0,"parent":1177,"menu_order":7,"comment_status":"closed","ping_status":"closed","template":"","meta":{"_seopress_robots_primary_cat":"","_seopress_titles_title":"Germinate Cannabis Seeds Easy Moist Tissue Method","_seopress_titles_desc":"Learn the best method to germinate Cannabis seeds with high success. Use our expert tips for perfect germination with no mold or common mistakes.","_seopress_robots_index":"","_kad_post_transparent":"default","_kad_post_title":"above","_kad_post_layout":"default","_kad_post_sidebar_id":"","_kad_post_content_style":"default","_kad_post_vertical_padding":"default","_kad_post_feature":"hide","_kad_post_feature_position":"","_kad_post_header":false,"_kad_post_footer":false,"_kad_post_classname":"","footnotes":""},"class_list":["post-1173","page","type-page","status-publish"],"_links":{"self":[{"href":"https:\/\/cannaseedsonline.com\/fr\/wp-json\/wp\/v2\/pages\/1173","targetHints":{"allow":["GET"]}}],"collection":[{"href":"https:\/\/cannaseedsonline.com\/fr\/wp-json\/wp\/v2\/pages"}],"about":[{"href":"https:\/\/cannaseedsonline.com\/fr\/wp-json\/wp\/v2\/types\/page"}],"author":[{"embeddable":true,"href":"https:\/\/cannaseedsonline.com\/fr\/wp-json\/wp\/v2\/users\/2"}],"replies":[{"embeddable":true,"href":"https:\/\/cannaseedsonline.com\/fr\/wp-json\/wp\/v2\/comments?post=1173"}],"version-history":[{"count":0,"href":"https:\/\/cannaseedsonline.com\/fr\/wp-json\/wp\/v2\/pages\/1173\/revisions"}],"up":[{"embeddable":true,"href":"https:\/\/cannaseedsonline.com\/fr\/wp-json\/wp\/v2\/pages\/1177"}],"wp:attachment":[{"href":"https:\/\/cannaseedsonline.com\/fr\/wp-json\/wp\/v2\/media?parent=1173"}],"curies":[{"name":"wp","href":"https:\/\/api.w.org\/{rel}","templated":true}]}}