{"id":1153,"date":"2021-08-22T06:32:37","date_gmt":"2021-08-22T04:32:37","guid":{"rendered":"https:\/\/wordpressexperience.com\/?page_id=1153"},"modified":"2025-04-21T00:09:11","modified_gmt":"2025-04-20T22:09:11","slug":"cannabis-seeds-bitcoin-payment","status":"publish","type":"page","link":"https:\/\/cannaseedsonline.com\/fr\/customer-support\/cannabis-seeds-bitcoin-payment\/","title":{"rendered":"Cannabis Seeds Bitcoin Payment"},"content":{"rendered":"<div data-elementor-type=\"wp-page\" data-elementor-id=\"1153\" class=\"elementor elementor-1153\" data-elementor-post-type=\"page\">\n\t\t\t\t\t\t<section class=\"elementor-section elementor-top-section elementor-element elementor-element-4b1e8d8 elementor-section-boxed elementor-section-height-default elementor-section-height-default\" data-id=\"4b1e8d8\" data-element_type=\"section\" data-e-type=\"section\">\n\t\t\t\t\t\t<div class=\"elementor-container elementor-column-gap-no\">\n\t\t\t\t\t<div class=\"elementor-column elementor-col-100 elementor-top-column elementor-element elementor-element-935e7fb\" data-id=\"935e7fb\" data-element_type=\"column\" data-e-type=\"column\">\n\t\t\t<div class=\"elementor-widget-wrap elementor-element-populated\">\n\t\t\t\t\t\t<div class=\"elementor-element elementor-element-c9bae42 elementor-widget elementor-widget-heading\" data-id=\"c9bae42\" data-element_type=\"widget\" data-e-type=\"widget\" data-widget_type=\"heading.default\">\n\t\t\t\t\t<h2 class=\"elementor-heading-title elementor-size-default\">Qu'est-ce que les bitcoins ?<\/h2>\t\t\t\t<\/div>\n\t\t\t\t<div class=\"elementor-element elementor-element-491fae2 elementor-widget__width-initial elementor-widget-tablet__width-inherit elementor-widget-mobile__width-inherit elementor-widget elementor-widget-text-editor\" data-id=\"491fae2\" data-element_type=\"widget\" data-e-type=\"widget\" data-widget_type=\"text-editor.default\">\n\t\t\t\t\t\t\t\t\t<p>La monnaie bitcoin existe depuis 2009. Il s'agit d'une monnaie num\u00e9rique (un morceau de code crypt\u00e9) que les bitcoins peuvent utiliser pour effectuer des achats. Au d\u00e9but, les bitcoins \u00e9taient principalement utilis\u00e9s en ligne, mais aujourd'hui, m\u00eame votre supermarch\u00e9 local peut accepter les bitcoins comme m\u00e9thode de paiement. Et nous aussi. Vous pouvez d\u00e9sormais acheter des graines de cannabis avec des bitcoins ! Le grand avantage des bitcoins est qu'ils sont anonymes. Exactement ce pour quoi les bitcoins sont faits !<\/p><p>Aucune banque ni aucun service de renseignement ne sait qui poss\u00e8de des bitcoins et ce qu'ils ach\u00e8tent avec. C'est parce qu'il n'existe pas de banque centrale qui contr\u00f4le et surveille les transactions.<\/p><p>Si vous voulez en savoir plus sur les bitcoins, regardez la vid\u00e9o. Vous trouverez \u00e9galement de nombreuses informations sur <strong><a href=\"http:\/\/en.wikipedia.org\/wiki\/Bitcoin\" target=\"_blank\" rel=\"noopener\">Wikipedia \u00e0 propos de Bitcoin<\/a><\/strong> et, bien s\u00fbr, sur la <strong><a href=\"https:\/\/bitcoin.org\/\" target=\"_blank\" rel=\"noopener\">Site web Bitcoin<\/a><\/strong>.<\/p>\t\t\t\t\t\t\t\t<\/div>\n\t\t\t\t<div class=\"elementor-element elementor-element-afe04c5 elementor-widget__width-initial elementor-widget-tablet__width-inherit elementor-widget-mobile__width-inherit elementor-widget elementor-widget-video\" data-id=\"afe04c5\" data-element_type=\"widget\" data-e-type=\"widget\" data-settings=\"{&quot;youtube_url&quot;:&quot;https:\\\/\\\/www.youtube.com\\\/watch?v=Um63OQz3bjo&amp;t=9s&quot;,&quot;video_type&quot;:&quot;youtube&quot;}\" data-widget_type=\"video.default\">\n\t\t\t\t\t\t\t<div class=\"elementor-wrapper elementor-open-inline\">\n\t\t\t<div class=\"elementor-video\"><\/div>\t\t<\/div>\n\t\t\t\t\t\t<\/div>\n\t\t\t\t<div class=\"elementor-element elementor-element-6fc04d1 elementor-widget elementor-widget-heading\" data-id=\"6fc04d1\" data-element_type=\"widget\" data-e-type=\"widget\" data-widget_type=\"heading.default\">\n\t\t\t\t\t<span class=\"elementor-heading-title elementor-size-default\">Achetez des graines de cannabis avec des bitcoins et obtenez une remise de 10% sur votre commande !<\/span>\t\t\t\t<\/div>\n\t\t\t\t<div class=\"elementor-element elementor-element-4691630 elementor-widget elementor-widget-heading\" data-id=\"4691630\" data-element_type=\"widget\" data-e-type=\"widget\" data-widget_type=\"heading.default\">\n\t\t\t\t\t<h3 class=\"elementor-heading-title elementor-size-default\">Acheter anonymement des graines de cannabis avec des bitcoins, comment et pourquoi ?<\/h3>\t\t\t\t<\/div>\n\t\t\t\t<div class=\"elementor-element elementor-element-b4b1a13 elementor-widget elementor-widget-heading\" data-id=\"b4b1a13\" data-element_type=\"widget\" data-e-type=\"widget\" data-widget_type=\"heading.default\">\n\t\t\t\t\t<span class=\"elementor-heading-title elementor-size-default\">Nous fournissons des clients satisfaits dans le monde entier et nous avons rarement des probl\u00e8mes de paiement et d'exp\u00e9dition de graines de cannabis. Cependant, si vous voulez \u00eatre 100% anonyme, vous devriez acheter des graines de cannabis avec des bitcoins. Comme les bitcoins sont \u00e9chang\u00e9s directement entre l'acheteur et le vendeur, il n'y a pas d'interm\u00e9diaire comme une banque ou un institut financier. Une transaction en bitcoins est donc intra\u00e7able. Notre serveur est s\u00e9curis\u00e9 par SSL, ce qui signifie que toutes les donn\u00e9es que vous nous envoyez par le biais des formulaires sont crypt\u00e9es \u00e0 256 bits.<\/span>\t\t\t\t<\/div>\n\t\t\t\t<div class=\"elementor-element elementor-element-f5f7140 elementor-widget elementor-widget-heading\" data-id=\"f5f7140\" data-element_type=\"widget\" data-e-type=\"widget\" data-widget_type=\"heading.default\">\n\t\t\t\t\t<h3 class=\"elementor-heading-title elementor-size-default\">Comment acheter des graines de cannabis avec des bitcoins ?<\/h3>\t\t\t\t<\/div>\n\t\t\t\t<div class=\"elementor-element elementor-element-d373e92 elementor-widget__width-initial elementor-widget-mobile__width-inherit elementor-widget elementor-widget-text-editor\" data-id=\"d373e92\" data-element_type=\"widget\" data-e-type=\"widget\" data-widget_type=\"text-editor.default\">\n\t\t\t\t\t\t\t\t\t<p>Acheter des graines de cannabis avec des bitcoins est aussi simple que de payer avec n'importe quelle autre m\u00e9thode de paiement. Ajoutez les graines que vous souhaitez acheter dans votre panier, passez \u00e0 la caisse et s\u00e9lectionnez la m\u00e9thode de paiement : Bitcoins. Si vous n'avez pas encore de bitcoins, vous pouvez en obtenir \u00e0 l'adresse suivante <strong><a href=\"https:\/\/coinbase.com\/\" target=\"_blank\" rel=\"noopener\">coinbase.com<\/a><\/strong><\/p>\t\t\t\t\t\t\t\t<\/div>\n\t\t\t\t<div class=\"elementor-element elementor-element-f29c17a elementor-widget__width-initial elementor-widget-mobile__width-inherit elementor-widget elementor-widget-image\" data-id=\"f29c17a\" data-element_type=\"widget\" data-e-type=\"widget\" data-widget_type=\"image.default\">\n\t\t\t\t\t\t\t\t\t\t\t\t\t\t\t<img decoding=\"async\" width=\"306\" height=\"64\" src=\"https:\/\/cannaseedsonline.com\/wp-content\/uploads\/bitcoin_logo.svg\" class=\"attachment-full size-full wp-image-1452\" alt=\"Image du logo Bitcoin\" \/>\t\t\t\t\t\t\t\t\t\t\t\t\t\t\t<\/div>\n\t\t\t\t\t<\/div>\n\t\t<\/div>\n\t\t\t\t\t<\/div>\n\t\t<\/section>\n\t\t\t\t<\/div>","protected":false},"excerpt":{"rendered":"<p>Que sont les bitcoins ? La monnaie bitcoin existe depuis 2009. Il s'agit d'une monnaie num\u00e9rique (un morceau de code crypt\u00e9) que les bitcoins peuvent utiliser pour effectuer des achats. Au d\u00e9but, les bitcoins \u00e9taient principalement utilis\u00e9s en ligne, mais aujourd'hui, m\u00eame votre supermarch\u00e9 local peut accepter les bitcoins comme m\u00e9thode de paiement. Et nous aussi. Vous pouvez d\u00e9sormais acheter...<\/p>","protected":false},"author":2,"featured_media":0,"parent":1178,"menu_order":14,"comment_status":"closed","ping_status":"closed","template":"","meta":{"_seopress_robots_primary_cat":"","_seopress_titles_title":"Buy Cannabis Seeds with Bitcoin for Anonymous Deals","_seopress_titles_desc":"If you want to order Cannabis seeds and want to be 100% anonymous, you should buy your Cannabis seeds with Bitcoins.","_seopress_robots_index":"","_kad_post_transparent":"default","_kad_post_title":"above","_kad_post_layout":"default","_kad_post_sidebar_id":"","_kad_post_content_style":"default","_kad_post_vertical_padding":"default","_kad_post_feature":"hide","_kad_post_feature_position":"","_kad_post_header":false,"_kad_post_footer":false,"_kad_post_classname":"","footnotes":""},"class_list":["post-1153","page","type-page","status-publish"],"_links":{"self":[{"href":"https:\/\/cannaseedsonline.com\/fr\/wp-json\/wp\/v2\/pages\/1153","targetHints":{"allow":["GET"]}}],"collection":[{"href":"https:\/\/cannaseedsonline.com\/fr\/wp-json\/wp\/v2\/pages"}],"about":[{"href":"https:\/\/cannaseedsonline.com\/fr\/wp-json\/wp\/v2\/types\/page"}],"author":[{"embeddable":true,"href":"https:\/\/cannaseedsonline.com\/fr\/wp-json\/wp\/v2\/users\/2"}],"replies":[{"embeddable":true,"href":"https:\/\/cannaseedsonline.com\/fr\/wp-json\/wp\/v2\/comments?post=1153"}],"version-history":[{"count":0,"href":"https:\/\/cannaseedsonline.com\/fr\/wp-json\/wp\/v2\/pages\/1153\/revisions"}],"up":[{"embeddable":true,"href":"https:\/\/cannaseedsonline.com\/fr\/wp-json\/wp\/v2\/pages\/1178"}],"wp:attachment":[{"href":"https:\/\/cannaseedsonline.com\/fr\/wp-json\/wp\/v2\/media?parent=1153"}],"curies":[{"name":"wp","href":"https:\/\/api.w.org\/{rel}","templated":true}]}}