{"id":1152,"date":"2021-08-22T06:32:37","date_gmt":"2021-08-22T04:32:37","guid":{"rendered":"https:\/\/wordpressexperience.com\/?page_id=1152"},"modified":"2025-04-21T00:09:30","modified_gmt":"2025-04-20T22:09:30","slug":"payment-and-shipping","status":"publish","type":"page","link":"https:\/\/cannaseedsonline.com\/fr\/customer-support\/payment-and-shipping\/","title":{"rendered":"Paiement et exp\u00e9dition"},"content":{"rendered":"<div data-elementor-type=\"wp-page\" data-elementor-id=\"1152\" class=\"elementor elementor-1152\" data-elementor-post-type=\"page\">\n\t\t\t\t\t\t<section class=\"elementor-section elementor-top-section elementor-element elementor-element-62958bd elementor-section-boxed elementor-section-height-default elementor-section-height-default\" data-id=\"62958bd\" data-element_type=\"section\" data-e-type=\"section\">\n\t\t\t\t\t\t<div class=\"elementor-container elementor-column-gap-no\">\n\t\t\t\t\t<div class=\"elementor-column elementor-col-100 elementor-top-column elementor-element elementor-element-ff164ee\" data-id=\"ff164ee\" data-element_type=\"column\" data-e-type=\"column\">\n\t\t\t<div class=\"elementor-widget-wrap elementor-element-populated\">\n\t\t\t\t\t\t<div class=\"elementor-element elementor-element-401578b elementor-widget elementor-widget-heading\" data-id=\"401578b\" data-element_type=\"widget\" data-e-type=\"widget\" data-widget_type=\"heading.default\">\n\t\t\t\t\t<h2 class=\"elementor-heading-title elementor-size-default\">D\u00e9tails concernant le paiement, l'emballage du produit, ainsi que la livraison<\/h2>\t\t\t\t<\/div>\n\t\t\t\t<div class=\"elementor-element elementor-element-0840832 elementor-widget elementor-widget-heading\" data-id=\"0840832\" data-element_type=\"widget\" data-e-type=\"widget\" data-widget_type=\"heading.default\">\n\t\t\t\t\t<span class=\"elementor-heading-title elementor-size-default\">Traitement s\u00e9curis\u00e9 de votre paiement, livraison discr\u00e8te et envoi rapide de vos graines de cannabis.<\/span>\t\t\t\t<\/div>\n\t\t\t\t<div class=\"elementor-element elementor-element-33c6cf8 elementor-widget elementor-widget-heading\" data-id=\"33c6cf8\" data-element_type=\"widget\" data-e-type=\"widget\" data-widget_type=\"heading.default\">\n\t\t\t\t\t<span class=\"elementor-heading-title elementor-size-default\">Remarque : nos graines de cannabis sont commercialis\u00e9es en tant que souvenirs. Vous pouvez faire germer et d\u00e9velopper dans les \u00c9tats\/pays o\u00f9 c'est l\u00e9gal, ou si vous avez un permis appropri\u00e9 de l'Office de votre pays. Un magasin de graines de cannabis peut annuler une commande et proc\u00e9der \u00e0 un remboursement lorsqu'il estime qu'un consommateur ne respecte pas les r\u00e8gles en vigueur.<\/span>\t\t\t\t<\/div>\n\t\t\t\t<div class=\"elementor-element elementor-element-5b16e2c elementor-widget elementor-widget-heading\" data-id=\"5b16e2c\" data-element_type=\"widget\" data-e-type=\"widget\" data-widget_type=\"heading.default\">\n\t\t\t\t\t<h4 class=\"elementor-heading-title elementor-size-default\">Paiement<\/h4>\t\t\t\t<\/div>\n\t\t\t\t<div class=\"elementor-element elementor-element-20cd429 elementor-widget elementor-widget-heading\" data-id=\"20cd429\" data-element_type=\"widget\" data-e-type=\"widget\" data-widget_type=\"heading.default\">\n\t\t\t\t\t<span class=\"elementor-heading-title elementor-size-default\">Nous faisons de notre mieux pour proposer le plus grand nombre possible d'options de remboursement. Si vous avez des questions concernant de nouvelles m\u00e9thodes de remboursement, n'h\u00e9sitez pas \u00e0 nous contacter.<\/span>\t\t\t\t<\/div>\n\t\t\t\t<div class=\"elementor-element elementor-element-113630d elementor-widget elementor-widget-heading\" data-id=\"113630d\" data-element_type=\"widget\" data-e-type=\"widget\" data-widget_type=\"heading.default\">\n\t\t\t\t\t<span class=\"elementor-heading-title elementor-size-default\">Bien que notre organisation soit officielle, nous affinons chaque march\u00e9 aussi discr\u00e8tement que possible. Pour toute transaction, nous n'indiquons aucun mat\u00e9riel li\u00e9 au cannabis. Si votre institution financi\u00e8re encode votre remboursement ou envoie l'argent dans une enveloppe, pr\u00e9sentez votre num\u00e9ro de commande. Nous vous invitons \u00e0 faire de m\u00eame.\nNous ne mentionnons jamais de mat\u00e9riel li\u00e9 au cannabis sur les r\u00e9sum\u00e9s des transactions, les co\u00fbts ou les factures.<\/span>\t\t\t\t<\/div>\n\t\t\t\t<div class=\"elementor-element elementor-element-826a356 elementor-widget elementor-widget-heading\" data-id=\"826a356\" data-element_type=\"widget\" data-e-type=\"widget\" data-widget_type=\"heading.default\">\n\t\t\t\t\t<span class=\"elementor-heading-title elementor-size-default\">Nous ne mentionnons jamais de contenu li\u00e9 au cannabis dans les descriptions de transactions, les factures ou les relev\u00e9s de compte.<\/span>\t\t\t\t<\/div>\n\t\t\t\t<div class=\"elementor-element elementor-element-0ea1773 elementor-widget elementor-widget-heading\" data-id=\"0ea1773\" data-element_type=\"widget\" data-e-type=\"widget\" data-widget_type=\"heading.default\">\n\t\t\t\t\t<h4 class=\"elementor-heading-title elementor-size-default\">Livraison<\/h4>\t\t\t\t<\/div>\n\t\t\t\t<div class=\"elementor-element elementor-element-d21e80b elementor-widget elementor-widget-heading\" data-id=\"d21e80b\" data-element_type=\"widget\" data-e-type=\"widget\" data-widget_type=\"heading.default\">\n\t\t\t\t\t<span class=\"elementor-heading-title elementor-size-default\">Les commandes seront certainement livr\u00e9es dans le monde entier dans un d\u00e9lai d'un jour les jours ouvrables d\u00e8s que le paiement aura \u00e9t\u00e9 re\u00e7u. Nous vous fournirons des informations de suivi et de tra\u00e7abilit\u00e9 afin que vous puissiez v\u00e9rifier \u00e0 tout moment l'\u00e9tat de votre commande. Le d\u00e9lai de livraison d\u00e9pend non seulement de nos bureaux de poste, mais aussi, bien entendu, des bureaux de poste de votre quartier. Par cons\u00e9quent, nous pouvons fournir un d\u00e9lai de livraison approximatif sur la base de nos exp\u00e9riences pr\u00e9c\u00e9dentes.<\/span>\t\t\t\t<\/div>\n\t\t\t\t<div class=\"elementor-element elementor-element-42de4d3 elementor-widget elementor-widget-heading\" data-id=\"42de4d3\" data-element_type=\"widget\" data-e-type=\"widget\" data-widget_type=\"heading.default\">\n\t\t\t\t\t<h4 class=\"elementor-heading-title elementor-size-default\">Emballage furtif et tr\u00e8s discret des produits<\/h4>\t\t\t\t<\/div>\n\t\t\t\t<div class=\"elementor-element elementor-element-a33b206 elementor-widget elementor-widget-heading\" data-id=\"a33b206\" data-element_type=\"widget\" data-e-type=\"widget\" data-widget_type=\"heading.default\">\n\t\t\t\t\t<span class=\"elementor-heading-title elementor-size-default\">Votre commande sera sans aucun doute charg\u00e9e de mani\u00e8re \u00e0 ce qu'il n'y ait aucun autre moyen de voir, de sentir ou de ressentir que ses mat\u00e9riaux sont des graines de cannabis. Elle ressemblera certainement au courrier ordinaire que vous recevez de temps en temps. En comprenant le plan, vous obtiendrez sans aucun doute qu'il ne ressemble pas \u00e0 ce que nous envoyons. Parcourez le paquet et les produits pour trouver les graines que vous avez achet\u00e9es.<\/span>\t\t\t\t<\/div>\n\t\t\t\t<div class=\"elementor-element elementor-element-aa64e89 elementor-widget elementor-widget-text-editor\" data-id=\"aa64e89\" data-element_type=\"widget\" data-e-type=\"widget\" data-widget_type=\"text-editor.default\">\n\t\t\t\t\t\t\t\t\t<h4>Attention<\/h4><ul class=\"caution-list\"><li>Nous livrons dans presque tous les pays de la plan\u00e8te. N\u00e9anmoins, cela ne signifie pas toujours que nous pouvons vous l'envoyer. En cas d'impr\u00e9visibilit\u00e9, il est pr\u00e9f\u00e9rable de nous contacter avant d'envoyer votre commande.<\/li><li>Rappelez-vous que nous sommes toujours du c\u00f4t\u00e9 des soins en raison des contradictions et de l'opposition aux r\u00e9glementations locales. Cependant, \u00e9tant donn\u00e9 que les directives changent parfois, nous appr\u00e9cierions que vous nous appeliez si vous pensez que nous avons refus\u00e9 \u00e0 tort de livrer dans votre pays et que vous nous fournissiez des preuves tangibles.<\/li><li>La fourniture de graines de cannabis n'est pas soumise \u00e0 la politique de la convention solitaire de 1961 sur les substances contr\u00f4l\u00e9es. Dans des pays comme les Pays-Bas, la possibilit\u00e9 de fournir des graines de cannabis est incluse dans la r\u00e9glementation nationale sur l'opium et les stup\u00e9fiants.<\/li><li>La circulation, ainsi que la politique des graines de cannabis, varient p\u00e9riodiquement. Par cons\u00e9quent, nous vous sugg\u00e9rons rapidement de vous renseigner sur les directives en vigueur dans votre r\u00e9gion.<\/li><li>Cannabis Seed Store ne souhaite pas amener quiconque \u00e0 agir en contradiction avec la l\u00e9gislation et ne peut \u00eatre d\u00e9l\u00e9gu\u00e9 \u00e0 ceux qui le font.<\/li><\/ul>\t\t\t\t\t\t\t\t<\/div>\n\t\t\t\t\t<\/div>\n\t\t<\/div>\n\t\t\t\t\t<\/div>\n\t\t<\/section>\n\t\t\t\t<\/div>","protected":false},"excerpt":{"rendered":"<p>D\u00e9tails concernant le paiement, l'emballage du produit et la livraison Traitement s\u00e9curis\u00e9 de votre paiement, livraison discr\u00e8te et exp\u00e9dition rapide de vos graines de cannabis. Remarque : nos graines de cannabis sont commercialis\u00e9es en tant que souvenirs. Vous pouvez faire germer et d\u00e9velopper dans les \u00c9tats\/pays o\u00f9 c'est l\u00e9gal, ou si vous avez un permis appropri\u00e9 de l'Office de votre nation.....<\/p>","protected":false},"author":2,"featured_media":0,"parent":1178,"menu_order":15,"comment_status":"closed","ping_status":"closed","template":"","meta":{"_seopress_robots_primary_cat":"","_seopress_titles_title":"Secure Payment and Discreet Shipping of Seeds","_seopress_titles_desc":"Information about payment, packaging, and shipping. Secure processing of your payment, discrete shipping, and fast delivery.","_seopress_robots_index":"","_kad_post_transparent":"default","_kad_post_title":"above","_kad_post_layout":"default","_kad_post_sidebar_id":"","_kad_post_content_style":"default","_kad_post_vertical_padding":"default","_kad_post_feature":"hide","_kad_post_feature_position":"","_kad_post_header":false,"_kad_post_footer":false,"_kad_post_classname":"","footnotes":""},"class_list":["post-1152","page","type-page","status-publish"],"_links":{"self":[{"href":"https:\/\/cannaseedsonline.com\/fr\/wp-json\/wp\/v2\/pages\/1152","targetHints":{"allow":["GET"]}}],"collection":[{"href":"https:\/\/cannaseedsonline.com\/fr\/wp-json\/wp\/v2\/pages"}],"about":[{"href":"https:\/\/cannaseedsonline.com\/fr\/wp-json\/wp\/v2\/types\/page"}],"author":[{"embeddable":true,"href":"https:\/\/cannaseedsonline.com\/fr\/wp-json\/wp\/v2\/users\/2"}],"replies":[{"embeddable":true,"href":"https:\/\/cannaseedsonline.com\/fr\/wp-json\/wp\/v2\/comments?post=1152"}],"version-history":[{"count":0,"href":"https:\/\/cannaseedsonline.com\/fr\/wp-json\/wp\/v2\/pages\/1152\/revisions"}],"up":[{"embeddable":true,"href":"https:\/\/cannaseedsonline.com\/fr\/wp-json\/wp\/v2\/pages\/1178"}],"wp:attachment":[{"href":"https:\/\/cannaseedsonline.com\/fr\/wp-json\/wp\/v2\/media?parent=1152"}],"curies":[{"name":"wp","href":"https:\/\/api.w.org\/{rel}","templated":true}]}}