{"id":28,"date":"2021-08-21T16:30:06","date_gmt":"2021-08-21T14:30:06","guid":{"rendered":"https:\/\/wordpressexperience.com\/?page_id=28"},"modified":"2025-02-18T19:44:00","modified_gmt":"2025-02-18T18:44:00","slug":"about-us","status":"publish","type":"page","link":"https:\/\/cannaseedsonline.com\/es\/about-us\/","title":{"rendered":"Acerca de Canna Seeds Online"},"content":{"rendered":"<h2>Nuestro objetivo es sencillo.<\/h2>\n<p>Lo que empez\u00f3 como un hobby ha crecido gracias a la pasi\u00f3n hasta convertirse en una organizaci\u00f3n vers\u00e1til que se ocupa de la singular planta del c\u00e1\u00f1amo. La gran variedad de tipos de plantas de c\u00e1\u00f1amo con actividades positivas naturales especiales nos asombra una y otra vez.<\/p>\n<p>Nuestro objetivo es ofrecer las mejores y m\u00e1s asequibles Semillas de Cannabis Online. Nuestro negocio ha crecido hasta convertirse en uno de los proveedores de semillas de cannabis m\u00e1s conocidos de los Pa\u00edses Bajos.<\/p>\n<p>Nos apasiona el cannabis y queremos compartir esta pasi\u00f3n contigo. Proporcionamos a los clientes con todas sus necesidades de semillas de cannabis, incluyendo semillas feminizadas, semillas regulares, semillas autoflorecientes, y diversas cepas como Indica, Sativa, e h\u00edbridos.<\/p>\n<p>La buena noticia es que las semillas de cannabis est\u00e1n f\u00e1cilmente disponibles en l\u00ednea en nuestro sitio web. Puedes estar tranquilo al pedirnos tus semillas, sabiendo que nuestros productos son de la m\u00e1s alta calidad sin aditivos da\u00f1inos.<\/p>\n<p>\u00a1Somos bien conocidos por nuestra gran selecci\u00f3n de semillas de cannabis que siempre son 100% discretamente empaquetados! Esto significa que cuando usted pide sus tipos favoritos de semillas de hierba de nosotros, Su pedido ser\u00e1 siempre en un embalaje sencillo sin ning\u00fan tipo de referencias a nuestro sitio web o nombre de la empresa en \u00e9l.<\/p>","protected":false},"excerpt":{"rendered":"<p>Nuestro objetivo es sencillo. Lo que empez\u00f3 como un hobby ha crecido a trav\u00e9s de la pasi\u00f3n hasta convertirse en una organizaci\u00f3n vers\u00e1til preocupada por la singular planta del c\u00e1\u00f1amo. La gran variedad en los muchos tipos de plantas de c\u00e1\u00f1amo con actividades positivas naturales especiales nos asombra repetidamente. Nuestro objetivo es ofrecer las mejores y m\u00e1s asequibles Semillas de Cannabis Online....<\/p>","protected":false},"author":2,"featured_media":0,"parent":0,"menu_order":2,"comment_status":"closed","ping_status":"closed","template":"","meta":{"_seopress_robots_primary_cat":"","_seopress_titles_title":"%%post_title%% the Cannabis Seeds Store","_seopress_titles_desc":"We are passionate about cannabis and we want to share this passion with you, to offer the best and most affordable Cannabis seeds.","_seopress_robots_index":"","_kad_post_transparent":"default","_kad_post_title":"above","_kad_post_layout":"left","_kad_post_sidebar_id":"","_kad_post_content_style":"default","_kad_post_vertical_padding":"default","_kad_post_feature":"","_kad_post_feature_position":"","_kad_post_header":false,"_kad_post_footer":false,"_kad_post_classname":"","footnotes":""},"class_list":["post-28","page","type-page","status-publish"],"_links":{"self":[{"href":"https:\/\/cannaseedsonline.com\/es\/wp-json\/wp\/v2\/pages\/28","targetHints":{"allow":["GET"]}}],"collection":[{"href":"https:\/\/cannaseedsonline.com\/es\/wp-json\/wp\/v2\/pages"}],"about":[{"href":"https:\/\/cannaseedsonline.com\/es\/wp-json\/wp\/v2\/types\/page"}],"author":[{"embeddable":true,"href":"https:\/\/cannaseedsonline.com\/es\/wp-json\/wp\/v2\/users\/2"}],"replies":[{"embeddable":true,"href":"https:\/\/cannaseedsonline.com\/es\/wp-json\/wp\/v2\/comments?post=28"}],"version-history":[{"count":0,"href":"https:\/\/cannaseedsonline.com\/es\/wp-json\/wp\/v2\/pages\/28\/revisions"}],"wp:attachment":[{"href":"https:\/\/cannaseedsonline.com\/es\/wp-json\/wp\/v2\/media?parent=28"}],"curies":[{"name":"wp","href":"https:\/\/api.w.org\/{rel}","templated":true}]}}