{"id":1175,"date":"2021-08-22T06:41:12","date_gmt":"2021-08-22T04:41:12","guid":{"rendered":"https:\/\/wordpressexperience.com\/?page_id=1175"},"modified":"2025-02-11T14:00:23","modified_gmt":"2025-02-11T13:00:23","slug":"cannabis-seeds-origin-map","status":"publish","type":"page","link":"https:\/\/cannaseedsonline.com\/es\/cannabis-information\/cannabis-seeds-origin-map\/","title":{"rendered":"Mapa de origen de las semillas de cannabis"},"content":{"rendered":"<div data-elementor-type=\"wp-page\" data-elementor-id=\"1175\" class=\"elementor elementor-1175\" data-elementor-post-type=\"page\">\n\t\t\t\t<div class=\"elementor-element elementor-element-ea97446 e-con-full e-flex e-con e-child\" data-id=\"ea97446\" data-element_type=\"container\" data-e-type=\"container\" data-settings=\"{&quot;background_background&quot;:&quot;classic&quot;}\">\n\t\t\t\t<div class=\"elementor-element elementor-element-03d5a77 elementor-widget__width-inherit elementor-widget elementor-widget-heading\" data-id=\"03d5a77\" data-element_type=\"widget\" data-e-type=\"widget\" data-widget_type=\"heading.default\">\n\t\t\t\t\t<h2 class=\"elementor-heading-title elementor-size-default\">\u00bfD\u00f3nde crecen las plantas Indica y Sativa?<\/h2>\t\t\t\t<\/div>\n\t\t\t\t<div class=\"elementor-element elementor-element-b4bf56b elementor-widget__width-initial elementor-widget elementor-widget-text-editor\" data-id=\"b4bf56b\" data-element_type=\"widget\" data-e-type=\"widget\" data-widget_type=\"text-editor.default\">\n\t\t\t\t\t\t\t\t\t<p>Est\u00e1bamos recibiendo muchas preguntas de nuestros clientes sobre si necesitan semillas Indica o Sativa en su zona. Por esta raz\u00f3n, hemos creado un mapa de cultivo para que puedas ver si vives en una zona Indica o Sativa.<\/p><p>La mayor\u00eda de las semillas son h\u00edbridas, lo que significa que tienen influencias tanto de Indica como de Sativa. Si la planta se siente mejor en una zona Indica, mayor es el porcentaje Indica y al rev\u00e9s para la planta Sativa.<\/p>\t\t\t\t\t\t\t\t<\/div>\n\t\t\t\t<div class=\"elementor-element elementor-element-bd3d741 elementor-widget elementor-widget-image\" data-id=\"bd3d741\" data-element_type=\"widget\" data-e-type=\"widget\" data-widget_type=\"image.default\">\n\t\t\t\t\t\t\t\t\t\t\t\t\t\t\t<img loading=\"lazy\" decoding=\"async\" width=\"1339\" height=\"638\" src=\"https:\/\/cannaseedsonline.com\/wp-content\/uploads\/marijuanaseeds-originmap.png\" class=\"attachment-full size-full wp-image-1280\" alt=\"Semillas de Marihuana mapa de origen Imagen\" srcset=\"https:\/\/cannaseedsonline.com\/wp-content\/uploads\/marijuanaseeds-originmap.png 1339w, https:\/\/cannaseedsonline.com\/wp-content\/uploads\/marijuanaseeds-originmap-300x143.png 300w, https:\/\/cannaseedsonline.com\/wp-content\/uploads\/marijuanaseeds-originmap-1024x488.png 1024w, https:\/\/cannaseedsonline.com\/wp-content\/uploads\/marijuanaseeds-originmap-768x366.png 768w, https:\/\/cannaseedsonline.com\/wp-content\/uploads\/marijuanaseeds-originmap-600x286.png 600w\" sizes=\"auto, (max-width: 1339px) 100vw, 1339px\" \/>\t\t\t\t\t\t\t\t\t\t\t\t\t\t\t<\/div>\n\t\t\t\t<\/div>\n\t\t\t\t<\/div>","protected":false},"excerpt":{"rendered":"<p>\u00bfD\u00f3nde crecen las plantas Indica y Sativa? Est\u00e1bamos recibiendo muchas preguntas de nuestros clientes sobre si necesitan semillas Indica o Sativa en su zona. Por esta raz\u00f3n, hemos creado un mapa de cultivo para que puedas ver si vives en una zona Indica o Sativa. La mayor\u00eda de las semillas son h\u00edbridas...<\/p>","protected":false},"author":2,"featured_media":0,"parent":1177,"menu_order":7,"comment_status":"closed","ping_status":"closed","template":"","meta":{"_seopress_robots_primary_cat":"","_seopress_titles_title":"Find Your Indica vs Sativa Optimal Growing Zone","_seopress_titles_desc":"Where do Indica and Sativa seeds come from? We have created a growing map so you can see if you live in an Indica or a Sativa zone.","_seopress_robots_index":"","_kad_post_transparent":"default","_kad_post_title":"above","_kad_post_layout":"default","_kad_post_sidebar_id":"","_kad_post_content_style":"default","_kad_post_vertical_padding":"default","_kad_post_feature":"","_kad_post_feature_position":"","_kad_post_header":false,"_kad_post_footer":false,"_kad_post_classname":"","footnotes":""},"class_list":["post-1175","page","type-page","status-publish"],"_links":{"self":[{"href":"https:\/\/cannaseedsonline.com\/es\/wp-json\/wp\/v2\/pages\/1175","targetHints":{"allow":["GET"]}}],"collection":[{"href":"https:\/\/cannaseedsonline.com\/es\/wp-json\/wp\/v2\/pages"}],"about":[{"href":"https:\/\/cannaseedsonline.com\/es\/wp-json\/wp\/v2\/types\/page"}],"author":[{"embeddable":true,"href":"https:\/\/cannaseedsonline.com\/es\/wp-json\/wp\/v2\/users\/2"}],"replies":[{"embeddable":true,"href":"https:\/\/cannaseedsonline.com\/es\/wp-json\/wp\/v2\/comments?post=1175"}],"version-history":[{"count":0,"href":"https:\/\/cannaseedsonline.com\/es\/wp-json\/wp\/v2\/pages\/1175\/revisions"}],"up":[{"embeddable":true,"href":"https:\/\/cannaseedsonline.com\/es\/wp-json\/wp\/v2\/pages\/1177"}],"wp:attachment":[{"href":"https:\/\/cannaseedsonline.com\/es\/wp-json\/wp\/v2\/media?parent=1175"}],"curies":[{"name":"wp","href":"https:\/\/api.w.org\/{rel}","templated":true}]}}