{"id":1173,"date":"2021-08-22T06:41:12","date_gmt":"2021-08-22T04:41:12","guid":{"rendered":"https:\/\/wordpressexperience.com\/?page_id=1173"},"modified":"2025-02-11T14:09:06","modified_gmt":"2025-02-11T13:09:06","slug":"how-to-germinate-cannabis-seeds","status":"publish","type":"page","link":"https:\/\/cannaseedsonline.com\/es\/cannabis-information\/how-to-germinate-cannabis-seeds\/","title":{"rendered":"C\u00f3mo germinar semillas de cannabis"},"content":{"rendered":"<div data-elementor-type=\"wp-page\" data-elementor-id=\"1173\" class=\"elementor elementor-1173\" data-elementor-post-type=\"page\">\n\t\t\t\t<div class=\"elementor-element elementor-element-8b1a566 e-con-full e-flex e-con e-child\" data-id=\"8b1a566\" data-element_type=\"container\" data-e-type=\"container\" data-settings=\"{&quot;background_background&quot;:&quot;classic&quot;}\">\n\t\t\t\t<div class=\"elementor-element elementor-element-25cae52 elementor-widget elementor-widget-heading\" data-id=\"25cae52\" data-element_type=\"widget\" data-e-type=\"widget\" data-widget_type=\"heading.default\">\n\t\t\t\t\t<h2 class=\"elementor-heading-title elementor-size-default\">Germinar con \u00e9xito las semillas de cannabis<\/h2>\t\t\t\t<\/div>\n\t\t\t\t<div class=\"elementor-element elementor-element-c6d758d elementor-widget elementor-widget-text-editor\" data-id=\"c6d758d\" data-element_type=\"widget\" data-e-type=\"widget\" data-widget_type=\"text-editor.default\">\n\t\t\t\t\t\t\t\t\t<p>Hay dos formas muy conocidas de germinar las semillas de cannabis. Una es poner las semillas en un vaso de agua destilada durante 24 a 48 horas. La otra es ponerlas entre dos platos con tejido h\u00famedo. Aunque esta estrategia de germinaci\u00f3n funciona muy bien, te recomendamos que germines tus semillas de Cannabis entre dos platos de tejido\/papel h\u00famedo. Hemos llegado a la conclusi\u00f3n de que la tasa de germinaci\u00f3n es mayor, ya que probamos constantemente la tasa de germinaci\u00f3n de las semillas de Cannabis que vendemos. Estamos hablando de miles de semillas probadas en germinaci\u00f3n.<\/p>\t\t\t\t\t\t\t\t<\/div>\n\t\t\t\t<div class=\"elementor-element elementor-element-a0de1e8 elementor-widget elementor-widget-heading\" data-id=\"a0de1e8\" data-element_type=\"widget\" data-e-type=\"widget\" data-widget_type=\"heading.default\">\n\t\t\t\t\t<h4 class=\"elementor-heading-title elementor-size-default\">Las siguientes reglas deben tenerse en cuenta antes de comenzar la germinaci\u00f3n de las semillas de cannabis.<\/h4>\t\t\t\t<\/div>\n\t\t\t\t<div class=\"elementor-element elementor-element-4a45465 elementor-widget elementor-widget-text-editor\" data-id=\"4a45465\" data-element_type=\"widget\" data-e-type=\"widget\" data-widget_type=\"text-editor.default\">\n\t\t\t\t\t\t\t\t\t<ul><li>No toques las semillas con las manos desnudas. Utilice guantes o pinzas blandas.<\/li><li>Utilice s\u00f3lo agua embotellada o destilada. El agua del grifo o de pozo disminuir\u00e1 dr\u00e1sticamente el \u00edndice de germinaci\u00f3n.<\/li><li>No utilices c\u00fapulas de humedad herm\u00e9ticas para la germinaci\u00f3n. Impiden la circulaci\u00f3n del aire vital y provocar\u00e1n la aparici\u00f3n de moho, lo que echar\u00e1 a perder tus pl\u00e1ntulas.<\/li><li>Germine sus semillas a una temperatura de 25 grados Celsius (78 grados Fahrenheit) y evite las fluctuaciones de temperatura.<\/li><\/ul>\t\t\t\t\t\t\t\t<\/div>\n\t\t\t\t<div class=\"elementor-element elementor-element-bfd184a elementor-widget elementor-widget-heading\" data-id=\"bfd184a\" data-element_type=\"widget\" data-e-type=\"widget\" data-widget_type=\"heading.default\">\n\t\t\t\t\t<h4 class=\"elementor-heading-title elementor-size-default\">Germine las semillas de Cannabis entre dos platos y un pa\u00f1uelo h\u00famedo.<\/h4>\t\t\t\t<\/div>\n\t\t\t\t<div class=\"elementor-element elementor-element-44ccd76 elementor-widget elementor-widget-heading\" data-id=\"44ccd76\" data-element_type=\"widget\" data-e-type=\"widget\" data-widget_type=\"heading.default\">\n\t\t\t\t\t<span class=\"elementor-heading-title elementor-size-default\">Los materiales que necesitar\u00e1s:<\/span>\t\t\t\t<\/div>\n\t\t\t\t<div class=\"elementor-element elementor-element-7908e70 elementor-widget elementor-widget-text-editor\" data-id=\"7908e70\" data-element_type=\"widget\" data-e-type=\"widget\" data-widget_type=\"text-editor.default\">\n\t\t\t\t\t\t\t\t\t<ul><li>Dos platos iguales.<\/li><li>Tejidos, papel u otro material que contenga agua (ph neutro).<\/li><li>Agua limpia destilada de ph neutro a temperatura ambiente.<\/li><li>Guantes desinfectados (esos blancos que llevan los m\u00e9dicos).<\/li><\/ul>\t\t\t\t\t\t\t\t<\/div>\n\t\t\t\t<div class=\"elementor-element elementor-element-4a7972e elementor-widget elementor-widget-heading\" data-id=\"4a7972e\" data-element_type=\"widget\" data-e-type=\"widget\" data-widget_type=\"heading.default\">\n\t\t\t\t\t<h4 class=\"elementor-heading-title elementor-size-default\">Procedimiento de germinaci\u00f3n<\/h4>\t\t\t\t<\/div>\n\t\t\t\t<div class=\"elementor-element elementor-element-8f27277 elementor-widget elementor-widget-text-editor\" data-id=\"8f27277\" data-element_type=\"widget\" data-e-type=\"widget\" data-widget_type=\"text-editor.default\">\n\t\t\t\t\t\t\t\t\t<ul><li>Coloca algunos pa\u00f1uelos humedecidos en el primer plato. Aseg\u00farate de que los pa\u00f1uelos no est\u00e9n demasiado h\u00famedos, as\u00ed que escurre el exceso de agua del plato. Como se ha indicado anteriormente, el agua debe estar a temperatura ambiente.<\/li><li>Ahora pon tus semillas de Cannabis encima del tejido h\u00famedo, dejando a cada semilla el mayor espacio posible.<\/li><li>Pon un poco m\u00e1s de tejido h\u00famedo encima de las semillas para que queden totalmente cubiertas.<\/li><li>Ahora pon el segundo plato boca abajo encima del primero.<\/li><li>Coloque la placa con las semillas en un entorno c\u00e1lido y oscuro donde no se produzcan fluctuaciones de temperatura.<\/li><\/ul>\t\t\t\t\t\t\t\t<\/div>\n\t\t\t\t<div class=\"elementor-element elementor-element-f9eb227 elementor-widget elementor-widget-spacer\" data-id=\"f9eb227\" data-element_type=\"widget\" data-e-type=\"widget\" data-widget_type=\"spacer.default\">\n\t\t\t\t\t\t\t<div class=\"elementor-spacer\">\n\t\t\t<div class=\"elementor-spacer-inner\"><\/div>\n\t\t<\/div>\n\t\t\t\t\t\t<\/div>\n\t\t\t\t<div class=\"elementor-element elementor-element-643d322 elementor-widget elementor-widget-text-editor\" data-id=\"643d322\" data-element_type=\"widget\" data-e-type=\"widget\" data-widget_type=\"text-editor.default\">\n\t\t\t\t\t\t\t\t\t<p>Las semillas primarias de Cannabis suelen tardar hasta 72 horas en abrirse y echar ra\u00edces. En algunos casos extremos, las semillas pueden tardar hasta diez d\u00edas antes de echar ra\u00edces.<\/p><p>Cuando el tama\u00f1o de las ra\u00edces que han salido de las semillas sea de unos 2,5 cm \/ 1 pulgada, podr\u00e1s cambiarlas a tu medio de cultivo alternativo (tierra, Rockwool o fibra de coco, por ejemplo). Ten cuidado, no toques las semillas con las manos desnudas y no las expongas a la luz solar directa.<\/p><p>Haga un hueco en el medio para cada semilla. Inserta las semillas con la ra\u00edz hacia abajo, de modo que queden 0,5 cm por debajo del suelo, lo suficiente para que queden ligeramente cubiertas. Cubra la semilla con 0,2\u2033 de tierra y ag\u00e9ntela ligeramente. Las pl\u00e1ntulas suelen salir del medio de cultivo entre 24 y 72 horas despu\u00e9s de haber plantado las semillas germinadas. Una vez que lo hacen, es el momento de ponerlos bajo (sol) suave y comenzar a subir.<\/p><p>En caso de que pienses cultivar en el exterior, debes colocar las semillas de Cannabis germinadas en el alf\u00e9izar de la ventana durante dos semanas para que se acostumbren a la luz del sol y a las fluctuaciones de temperatura.<\/p><p>Cultivo de marihuana que describimos en nuestro <a href=\"https:\/\/cannaseedsonline.com\/marijuana-information\/how-to-grow-marijuana\/\"><strong>C\u00f3mo cultivar cannabis pag<\/strong>e<\/a>.<\/p>\t\t\t\t\t\t\t\t<\/div>\n\t\t\t\t<\/div>\n\t\t\t\t<\/div>","protected":false},"excerpt":{"rendered":"<p>Germinar con \u00e9xito las semillas de cannabis Existen dos formas muy conocidas de germinar las semillas de cannabis. Una es poner las semillas en un vaso de agua destilada durante 24 a 48 horas. La otra es ponerlas entre dos platos con tejido h\u00famedo. Aunque esta estrategia de germinaci\u00f3n funciona muy bien, te recomendamos que germines tus...<\/p>","protected":false},"author":2,"featured_media":0,"parent":1177,"menu_order":7,"comment_status":"closed","ping_status":"closed","template":"","meta":{"_seopress_robots_primary_cat":"","_seopress_titles_title":"Germinate Cannabis Seeds Easy Moist Tissue Method","_seopress_titles_desc":"Learn the best method to germinate Cannabis seeds with high success. Use our expert tips for perfect germination with no mold or common mistakes.","_seopress_robots_index":"","_kad_post_transparent":"default","_kad_post_title":"above","_kad_post_layout":"default","_kad_post_sidebar_id":"","_kad_post_content_style":"default","_kad_post_vertical_padding":"default","_kad_post_feature":"hide","_kad_post_feature_position":"","_kad_post_header":false,"_kad_post_footer":false,"_kad_post_classname":"","footnotes":""},"class_list":["post-1173","page","type-page","status-publish"],"_links":{"self":[{"href":"https:\/\/cannaseedsonline.com\/es\/wp-json\/wp\/v2\/pages\/1173","targetHints":{"allow":["GET"]}}],"collection":[{"href":"https:\/\/cannaseedsonline.com\/es\/wp-json\/wp\/v2\/pages"}],"about":[{"href":"https:\/\/cannaseedsonline.com\/es\/wp-json\/wp\/v2\/types\/page"}],"author":[{"embeddable":true,"href":"https:\/\/cannaseedsonline.com\/es\/wp-json\/wp\/v2\/users\/2"}],"replies":[{"embeddable":true,"href":"https:\/\/cannaseedsonline.com\/es\/wp-json\/wp\/v2\/comments?post=1173"}],"version-history":[{"count":0,"href":"https:\/\/cannaseedsonline.com\/es\/wp-json\/wp\/v2\/pages\/1173\/revisions"}],"up":[{"embeddable":true,"href":"https:\/\/cannaseedsonline.com\/es\/wp-json\/wp\/v2\/pages\/1177"}],"wp:attachment":[{"href":"https:\/\/cannaseedsonline.com\/es\/wp-json\/wp\/v2\/media?parent=1173"}],"curies":[{"name":"wp","href":"https:\/\/api.w.org\/{rel}","templated":true}]}}