{"id":1156,"date":"2021-08-22T06:32:37","date_gmt":"2021-08-22T04:32:37","guid":{"rendered":"https:\/\/wordpressexperience.com\/?page_id=1156"},"modified":"2025-02-11T14:57:42","modified_gmt":"2025-02-11T13:57:42","slug":"privacy-policy","status":"publish","type":"page","link":"https:\/\/cannaseedsonline.com\/es\/customer-support\/privacy-policy\/","title":{"rendered":"Pol\u00edtica de privacidad"},"content":{"rendered":"<h2>La privacidad de nuestros clientes es una de nuestras principales preocupaciones.<\/h2>\n<p>Este sitio web est\u00e1 administrado por Canna Seeds Online.<\/p>\n<p>Cuando usted visita este sitio web, Canna Seeds Online puede recopilar datos personales sobre usted, ya sea directa (cuando se le pide que proporcione los datos) o indirectamente. Sin embargo, Canna Seeds Online s\u00f3lo utilizar\u00e1 estos datos personales de acuerdo con los fines establecidos en esta Declaraci\u00f3n de Privacidad y se compromete a salvaguardar la informaci\u00f3n personal recopilada. Esta declaraci\u00f3n establece los prop\u00f3sitos del procesamiento de datos de Canna Seeds Online con respecto a este sitio web, el uso de cookies y c\u00f3mo afectar sus derechos con respecto a sus datos personales.<\/p>\n<h4>Finalidad del tratamiento<\/h4>\n<p>Canna Seeds Online recopila y procesa informaci\u00f3n sobre los clientes y visitantes de su sitio web para llevar a cabo su actividad empresarial, para informar y poner a su disposici\u00f3n productos y servicios que puedan ser de su inter\u00e9s y para la elaboraci\u00f3n de estad\u00edsticas web. La informaci\u00f3n que nos proporcione se utilizar\u00e1 para ponernos en contacto con usted cuando sea necesario, por ejemplo, para notificarle cambios de funcionalidad en el sitio web y para ofrecerle servicios que puedan resultarle \u00fatiles (siempre que no haya optado por no recibir dichos servicios).<\/p>\n<h4>Datos sensibles<\/h4>\n<p>Canna Seeds Online no pretende recopilar datos personales sensibles (como datos que revelen opiniones pol\u00edticas, creencias religiosas o datos relativos a la salud o la vida sexual) a trav\u00e9s de este sitio. Si Canna Seeds Online pretende recopilar dichos datos, se le pedir\u00e1 su consentimiento previo. Tenga en cuenta que al proporcionar al Servicio Canna Seeds Online datos personales sensibles no solicitados, usted da su consentimiento para que utilicemos dichos datos tal y como se ha descrito anteriormente.<\/p>\n<h4>Cookies<\/h4>\n<p>Canna Seeds Online puede recopilar y analizar informaci\u00f3n relativa al uso de este sitio web, incluido el nombre de dominio, el n\u00famero de visitas, las p\u00e1ginas visitadas, los sitios anteriores\/siguientes visitados y la duraci\u00f3n de la sesi\u00f3n del usuario. Esta informaci\u00f3n puede recopilarse utilizando una cookie. Una cookie es un peque\u00f1o archivo de texto que nuestro servidor de p\u00e1ginas web coloca en su disco duro. Usted puede elegir si desea o no utilizar una cookie modificando la configuraci\u00f3n de su navegador. Una cookie har\u00e1 que el uso de este sitio web sea m\u00e1s r\u00e1pido y sencillo.<\/p>\n<h4>Sitios de terceros<\/h4>\n<p>Tenga en cuenta que esta Declaraci\u00f3n de Privacidad no se extiende a los sitios de terceros vinculados a este sitio web.<\/p>\n<p>C\u00f3mo ponerse en contacto con Canna Seeds Online<br \/>\nSi tiene alguna pregunta sobre esta Declaraci\u00f3n de privacidad o sobre nuestras actividades de tratamiento de datos, puede ponerse en contacto con nosotros a trav\u00e9s de nuestro formulario de contacto o por correo ordinario:<\/p>\n<h5>Detalles de la empresa<\/h5>\n<p>Canna Seeds Online<br \/>\nAnna van Renesseplein 8<br \/>\n1911 KN Uitgeest<\/p>\n<p>KvK: 34283748<br \/>\nBTW-nr: NL818502915B01<br \/>\nTel\u00e9fono: +31612637177<\/p>\n<h5>Atenci\u00f3n al cliente<\/h5>\n<p>Canna Seeds Online<br \/>\nC\u00f3digo postal 191<br \/>\n1940 AD Beverwijk<\/p>\n<p>KvK: 34283748<br \/>\nBTW-nr:NL818502915B01<br \/>\nTel\u00e9fono: +31612637177<\/p>","protected":false},"excerpt":{"rendered":"<p>La privacidad de nuestros clientes es una de nuestras principales preocupaciones. Este sitio web est\u00e1 administrado por Canna Seeds Online. Cuando usted visita este sitio web, Canna Seeds Online puede recopilar datos personales sobre usted, ya sea directamente (cuando se le pide que proporcione los datos) o indirectamente. Sin embargo, Canna Seeds Online s\u00f3lo utilizar\u00e1 estos datos personales...<\/p>","protected":false},"author":2,"featured_media":0,"parent":1178,"menu_order":19,"comment_status":"closed","ping_status":"closed","template":"","meta":{"_seopress_robots_primary_cat":"","_seopress_titles_title":"","_seopress_titles_desc":"Canna Seeds Online will only use these personal data in accordance with the purposes set forth in this Privacy Statement.","_seopress_robots_index":"","_kad_post_transparent":"default","_kad_post_title":"default","_kad_post_layout":"default","_kad_post_sidebar_id":"","_kad_post_content_style":"default","_kad_post_vertical_padding":"default","_kad_post_feature":"","_kad_post_feature_position":"","_kad_post_header":false,"_kad_post_footer":false,"_kad_post_classname":"","footnotes":""},"class_list":["post-1156","page","type-page","status-publish"],"_links":{"self":[{"href":"https:\/\/cannaseedsonline.com\/es\/wp-json\/wp\/v2\/pages\/1156","targetHints":{"allow":["GET"]}}],"collection":[{"href":"https:\/\/cannaseedsonline.com\/es\/wp-json\/wp\/v2\/pages"}],"about":[{"href":"https:\/\/cannaseedsonline.com\/es\/wp-json\/wp\/v2\/types\/page"}],"author":[{"embeddable":true,"href":"https:\/\/cannaseedsonline.com\/es\/wp-json\/wp\/v2\/users\/2"}],"replies":[{"embeddable":true,"href":"https:\/\/cannaseedsonline.com\/es\/wp-json\/wp\/v2\/comments?post=1156"}],"version-history":[{"count":0,"href":"https:\/\/cannaseedsonline.com\/es\/wp-json\/wp\/v2\/pages\/1156\/revisions"}],"up":[{"embeddable":true,"href":"https:\/\/cannaseedsonline.com\/es\/wp-json\/wp\/v2\/pages\/1178"}],"wp:attachment":[{"href":"https:\/\/cannaseedsonline.com\/es\/wp-json\/wp\/v2\/media?parent=1156"}],"curies":[{"name":"wp","href":"https:\/\/api.w.org\/{rel}","templated":true}]}}