{"id":1153,"date":"2021-08-22T06:32:37","date_gmt":"2021-08-22T04:32:37","guid":{"rendered":"https:\/\/wordpressexperience.com\/?page_id=1153"},"modified":"2025-04-21T00:09:11","modified_gmt":"2025-04-20T22:09:11","slug":"cannabis-seeds-bitcoin-payment","status":"publish","type":"page","link":"https:\/\/cannaseedsonline.com\/es\/customer-support\/cannabis-seeds-bitcoin-payment\/","title":{"rendered":"Semillas de Cannabis Pago Bitcoin"},"content":{"rendered":"<div data-elementor-type=\"wp-page\" data-elementor-id=\"1153\" class=\"elementor elementor-1153\" data-elementor-post-type=\"page\">\n\t\t\t\t\t\t<section class=\"elementor-section elementor-top-section elementor-element elementor-element-4b1e8d8 elementor-section-boxed elementor-section-height-default elementor-section-height-default\" data-id=\"4b1e8d8\" data-element_type=\"section\" data-e-type=\"section\">\n\t\t\t\t\t\t<div class=\"elementor-container elementor-column-gap-no\">\n\t\t\t\t\t<div class=\"elementor-column elementor-col-100 elementor-top-column elementor-element elementor-element-935e7fb\" data-id=\"935e7fb\" data-element_type=\"column\" data-e-type=\"column\">\n\t\t\t<div class=\"elementor-widget-wrap elementor-element-populated\">\n\t\t\t\t\t\t<div class=\"elementor-element elementor-element-c9bae42 elementor-widget elementor-widget-heading\" data-id=\"c9bae42\" data-element_type=\"widget\" data-e-type=\"widget\" data-widget_type=\"heading.default\">\n\t\t\t\t\t<h2 class=\"elementor-heading-title elementor-size-default\">\u00bfQu\u00e9 son los Bitcoins?<\/h2>\t\t\t\t<\/div>\n\t\t\t\t<div class=\"elementor-element elementor-element-491fae2 elementor-widget__width-initial elementor-widget-tablet__width-inherit elementor-widget-mobile__width-inherit elementor-widget elementor-widget-text-editor\" data-id=\"491fae2\" data-element_type=\"widget\" data-e-type=\"widget\" data-widget_type=\"text-editor.default\">\n\t\t\t\t\t\t\t\t\t<p>La moneda Bitcoin existe desde 2009 y es una divisa digital (un c\u00f3digo cr\u00edptico) que se puede utilizar para hacer compras. Al principio, los bitcoins se utilizaban principalmente en Internet, pero hoy en d\u00eda, incluso su supermercado local puede aceptar bitcoins como forma de pago. Y nosotros tambi\u00e9n. \u00a1Ahora puedes comprar semillas de Cannabis con bitcoins! El gran beneficio de los Bitcoins es que son an\u00f3nimos. \u00a1Exactamente para lo que est\u00e1n hechos los bitcoins!<\/p><p>Ning\u00fan banco ni servicio de inteligencia sabe qui\u00e9n tiene bitcoins y qu\u00e9 compra con ellos. Eso es porque no hay un banco central que controle y supervise las transacciones.<\/p><p>Si quieres saber m\u00e1s sobre Bitcoins, deber\u00edas ver el v\u00eddeo. Tambi\u00e9n puede encontrar mucha informaci\u00f3n en <strong><a href=\"http:\/\/en.wikipedia.org\/wiki\/Bitcoin\" target=\"_blank\" rel=\"noopener\">Wikipedia sobre Bitcoin<\/a><\/strong> y, por supuesto, en el <strong><a href=\"https:\/\/bitcoin.org\/\" target=\"_blank\" rel=\"noopener\">Sitio web de Bitcoin<\/a><\/strong>.<\/p>\t\t\t\t\t\t\t\t<\/div>\n\t\t\t\t<div class=\"elementor-element elementor-element-afe04c5 elementor-widget__width-initial elementor-widget-tablet__width-inherit elementor-widget-mobile__width-inherit elementor-widget elementor-widget-video\" data-id=\"afe04c5\" data-element_type=\"widget\" data-e-type=\"widget\" data-settings=\"{&quot;youtube_url&quot;:&quot;https:\\\/\\\/www.youtube.com\\\/watch?v=Um63OQz3bjo&amp;t=9s&quot;,&quot;video_type&quot;:&quot;youtube&quot;}\" data-widget_type=\"video.default\">\n\t\t\t\t\t\t\t<div class=\"elementor-wrapper elementor-open-inline\">\n\t\t\t<div class=\"elementor-video\"><\/div>\t\t<\/div>\n\t\t\t\t\t\t<\/div>\n\t\t\t\t<div class=\"elementor-element elementor-element-6fc04d1 elementor-widget elementor-widget-heading\" data-id=\"6fc04d1\" data-element_type=\"widget\" data-e-type=\"widget\" data-widget_type=\"heading.default\">\n\t\t\t\t\t<span class=\"elementor-heading-title elementor-size-default\">\u00a1Compra semillas de Cannabis con Bitcoins y consigue un descuento de 10% en tu pedido!<\/span>\t\t\t\t<\/div>\n\t\t\t\t<div class=\"elementor-element elementor-element-4691630 elementor-widget elementor-widget-heading\" data-id=\"4691630\" data-element_type=\"widget\" data-e-type=\"widget\" data-widget_type=\"heading.default\">\n\t\t\t\t\t<h3 class=\"elementor-heading-title elementor-size-default\">Compra an\u00f3nima de semillas de cannabis con Bitcoins, \u00bfc\u00f3mo y por qu\u00e9?<\/h3>\t\t\t\t<\/div>\n\t\t\t\t<div class=\"elementor-element elementor-element-b4b1a13 elementor-widget elementor-widget-heading\" data-id=\"b4b1a13\" data-element_type=\"widget\" data-e-type=\"widget\" data-widget_type=\"heading.default\">\n\t\t\t\t\t<span class=\"elementor-heading-title elementor-size-default\">Suministramos a clientes felices en todo el mundo y rara vez tenemos problemas con los pagos y el env\u00edo de semillas de Cannabis. Aunque si quieres ser 100% an\u00f3nimo, deber\u00edas comprar semillas de Cannabis con Bitcoins. Debido a que los bitcoins tienen lugar directamente entre el comprador y el vendedor, no hay intermediarios como un banco o un instituto financiero. Esto hace que una transacci\u00f3n Bitcoin sea imposible de rastrear. Nuestro servidor est\u00e1 protegido con SSL, lo que significa que todos los datos que nos env\u00eda a trav\u00e9s de formularios est\u00e1n encriptados con 256 Bits.<\/span>\t\t\t\t<\/div>\n\t\t\t\t<div class=\"elementor-element elementor-element-f5f7140 elementor-widget elementor-widget-heading\" data-id=\"f5f7140\" data-element_type=\"widget\" data-e-type=\"widget\" data-widget_type=\"heading.default\">\n\t\t\t\t\t<h3 class=\"elementor-heading-title elementor-size-default\">C\u00f3mo comprar semillas de cannabis con Bitcoins<\/h3>\t\t\t\t<\/div>\n\t\t\t\t<div class=\"elementor-element elementor-element-d373e92 elementor-widget__width-initial elementor-widget-mobile__width-inherit elementor-widget elementor-widget-text-editor\" data-id=\"d373e92\" data-element_type=\"widget\" data-e-type=\"widget\" data-widget_type=\"text-editor.default\">\n\t\t\t\t\t\t\t\t\t<p>Comprar semillas de cannabis con Bitcoins es tan sencillo como pagar con cualquier otro m\u00e9todo de pago. A\u00f1ada las semillas que desea comprar a su cesta de la compra, proceda a pagar y seleccione el m\u00e9todo de pago: Bitcoins. Si a\u00fan no tienes Bitcoins, puedes conseguirlos en <strong><a href=\"https:\/\/coinbase.com\/\" target=\"_blank\" rel=\"noopener\">coinbase.com<\/a><\/strong><\/p>\t\t\t\t\t\t\t\t<\/div>\n\t\t\t\t<div class=\"elementor-element elementor-element-f29c17a elementor-widget__width-initial elementor-widget-mobile__width-inherit elementor-widget elementor-widget-image\" data-id=\"f29c17a\" data-element_type=\"widget\" data-e-type=\"widget\" data-widget_type=\"image.default\">\n\t\t\t\t\t\t\t\t\t\t\t\t\t\t\t<img loading=\"lazy\" decoding=\"async\" width=\"306\" height=\"64\" src=\"https:\/\/cannaseedsonline.com\/wp-content\/uploads\/bitcoin_logo.svg\" class=\"attachment-full size-full wp-image-1452\" alt=\"Logotipo de Bitcoin Imagen\" \/>\t\t\t\t\t\t\t\t\t\t\t\t\t\t\t<\/div>\n\t\t\t\t\t<\/div>\n\t\t<\/div>\n\t\t\t\t\t<\/div>\n\t\t<\/section>\n\t\t\t\t<\/div>","protected":false},"excerpt":{"rendered":"<p>\u00bfQu\u00e9 son los Bitcoins? La moneda Bitcoin existe desde 2009 y es una divisa digital (un c\u00f3digo cr\u00edptico) que puede utilizarse para realizar compras. Al principio, los bitcoins se utilizaban principalmente en Internet, pero hoy en d\u00eda, incluso su supermercado local puede aceptar bitcoins como forma de pago. Y nosotros tambi\u00e9n. Ahora puede comprar...<\/p>","protected":false},"author":2,"featured_media":0,"parent":1178,"menu_order":14,"comment_status":"closed","ping_status":"closed","template":"","meta":{"_seopress_robots_primary_cat":"","_seopress_titles_title":"Buy Cannabis Seeds with Bitcoin for Anonymous Deals","_seopress_titles_desc":"If you want to order Cannabis seeds and want to be 100% anonymous, you should buy your Cannabis seeds with Bitcoins.","_seopress_robots_index":"","_kad_post_transparent":"default","_kad_post_title":"above","_kad_post_layout":"default","_kad_post_sidebar_id":"","_kad_post_content_style":"default","_kad_post_vertical_padding":"default","_kad_post_feature":"hide","_kad_post_feature_position":"","_kad_post_header":false,"_kad_post_footer":false,"_kad_post_classname":"","footnotes":""},"class_list":["post-1153","page","type-page","status-publish"],"_links":{"self":[{"href":"https:\/\/cannaseedsonline.com\/es\/wp-json\/wp\/v2\/pages\/1153","targetHints":{"allow":["GET"]}}],"collection":[{"href":"https:\/\/cannaseedsonline.com\/es\/wp-json\/wp\/v2\/pages"}],"about":[{"href":"https:\/\/cannaseedsonline.com\/es\/wp-json\/wp\/v2\/types\/page"}],"author":[{"embeddable":true,"href":"https:\/\/cannaseedsonline.com\/es\/wp-json\/wp\/v2\/users\/2"}],"replies":[{"embeddable":true,"href":"https:\/\/cannaseedsonline.com\/es\/wp-json\/wp\/v2\/comments?post=1153"}],"version-history":[{"count":0,"href":"https:\/\/cannaseedsonline.com\/es\/wp-json\/wp\/v2\/pages\/1153\/revisions"}],"up":[{"embeddable":true,"href":"https:\/\/cannaseedsonline.com\/es\/wp-json\/wp\/v2\/pages\/1178"}],"wp:attachment":[{"href":"https:\/\/cannaseedsonline.com\/es\/wp-json\/wp\/v2\/media?parent=1153"}],"curies":[{"name":"wp","href":"https:\/\/api.w.org\/{rel}","templated":true}]}}