{"id":1152,"date":"2021-08-22T06:32:37","date_gmt":"2021-08-22T04:32:37","guid":{"rendered":"https:\/\/wordpressexperience.com\/?page_id=1152"},"modified":"2025-04-21T00:09:30","modified_gmt":"2025-04-20T22:09:30","slug":"payment-and-shipping","status":"publish","type":"page","link":"https:\/\/cannaseedsonline.com\/es\/customer-support\/payment-and-shipping\/","title":{"rendered":"Pago y env\u00edo"},"content":{"rendered":"<div data-elementor-type=\"wp-page\" data-elementor-id=\"1152\" class=\"elementor elementor-1152\" data-elementor-post-type=\"page\">\n\t\t\t\t\t\t<section class=\"elementor-section elementor-top-section elementor-element elementor-element-62958bd elementor-section-boxed elementor-section-height-default elementor-section-height-default\" data-id=\"62958bd\" data-element_type=\"section\" data-e-type=\"section\">\n\t\t\t\t\t\t<div class=\"elementor-container elementor-column-gap-no\">\n\t\t\t\t\t<div class=\"elementor-column elementor-col-100 elementor-top-column elementor-element elementor-element-ff164ee\" data-id=\"ff164ee\" data-element_type=\"column\" data-e-type=\"column\">\n\t\t\t<div class=\"elementor-widget-wrap elementor-element-populated\">\n\t\t\t\t\t\t<div class=\"elementor-element elementor-element-401578b elementor-widget elementor-widget-heading\" data-id=\"401578b\" data-element_type=\"widget\" data-e-type=\"widget\" data-widget_type=\"heading.default\">\n\t\t\t\t\t<h2 class=\"elementor-heading-title elementor-size-default\">Detalles sobre el pago, el embalaje del producto y la entrega<\/h2>\t\t\t\t<\/div>\n\t\t\t\t<div class=\"elementor-element elementor-element-0840832 elementor-widget elementor-widget-heading\" data-id=\"0840832\" data-element_type=\"widget\" data-e-type=\"widget\" data-widget_type=\"heading.default\">\n\t\t\t\t\t<span class=\"elementor-heading-title elementor-size-default\">Gesti\u00f3n segura de su pago, entrega discreta y env\u00edo r\u00e1pido de sus semillas de Cannabis.<\/span>\t\t\t\t<\/div>\n\t\t\t\t<div class=\"elementor-element elementor-element-33c6cf8 elementor-widget elementor-widget-heading\" data-id=\"33c6cf8\" data-element_type=\"widget\" data-e-type=\"widget\" data-widget_type=\"heading.default\">\n\t\t\t\t\t<span class=\"elementor-heading-title elementor-size-default\">Nota: Nuestras semillas de Cannabis se comercializan como recuerdos. Puedes germinar y expandir en Estados\/Pa\u00edses donde sea legal, o tengas un permiso apropiado de la Oficina de tu naci\u00f3n. Una tienda de semillas de Cannabis puede retirar un pedido y el reembolso cuando creemos que un consumidor no est\u00e1 cumpliendo con las pol\u00edticas correctas.<\/span>\t\t\t\t<\/div>\n\t\t\t\t<div class=\"elementor-element elementor-element-5b16e2c elementor-widget elementor-widget-heading\" data-id=\"5b16e2c\" data-element_type=\"widget\" data-e-type=\"widget\" data-widget_type=\"heading.default\">\n\t\t\t\t\t<h4 class=\"elementor-heading-title elementor-size-default\">Pago<\/h4>\t\t\t\t<\/div>\n\t\t\t\t<div class=\"elementor-element elementor-element-20cd429 elementor-widget elementor-widget-heading\" data-id=\"20cd429\" data-element_type=\"widget\" data-e-type=\"widget\" data-widget_type=\"heading.default\">\n\t\t\t\t\t<span class=\"elementor-heading-title elementor-size-default\">Nos esforzamos al m\u00e1ximo para ofrecer el mayor n\u00famero posible de opciones de pago. Si usted tiene alguna pregunta para nuevos enfoques de reembolso, siempre puede proporcionarnos un grito.<\/span>\t\t\t\t<\/div>\n\t\t\t\t<div class=\"elementor-element elementor-element-113630d elementor-widget elementor-widget-heading\" data-id=\"113630d\" data-element_type=\"widget\" data-e-type=\"widget\" data-widget_type=\"heading.default\">\n\t\t\t\t\t<span class=\"elementor-heading-title elementor-size-default\">Aunque nuestra organizaci\u00f3n es oficial, refinamos cada trato tan discretamente como es factible. Para cualquier acuerdo, no especificaremos ning\u00fan material relevante para el cannabis. Si su instituci\u00f3n financiera cordones de su reembolso o env\u00eda el dinero en un sobre, presente su n\u00famero de orden. Por favor, haga lo mismo.\nNunca indicamos material relacionado con el cannabis en los res\u00famenes, costes o facturas de las transacciones.<\/span>\t\t\t\t<\/div>\n\t\t\t\t<div class=\"elementor-element elementor-element-826a356 elementor-widget elementor-widget-heading\" data-id=\"826a356\" data-element_type=\"widget\" data-e-type=\"widget\" data-widget_type=\"heading.default\">\n\t\t\t\t\t<span class=\"elementor-heading-title elementor-size-default\">Nunca indicamos ning\u00fan contenido relacionado con el Cannabis en las descripciones de las transacciones, las facturas o los recibos.<\/span>\t\t\t\t<\/div>\n\t\t\t\t<div class=\"elementor-element elementor-element-0ea1773 elementor-widget elementor-widget-heading\" data-id=\"0ea1773\" data-element_type=\"widget\" data-e-type=\"widget\" data-widget_type=\"heading.default\">\n\t\t\t\t\t<h4 class=\"elementor-heading-title elementor-size-default\">Entrega<\/h4>\t\t\t\t<\/div>\n\t\t\t\t<div class=\"elementor-element elementor-element-d21e80b elementor-widget elementor-widget-heading\" data-id=\"d21e80b\" data-element_type=\"widget\" data-e-type=\"widget\" data-widget_type=\"heading.default\">\n\t\t\t\t\t<span class=\"elementor-heading-title elementor-size-default\">Los pedidos se entregar\u00e1n en todo el mundo en el plazo de 1 d\u00eda en d\u00edas laborables una vez recibido el pago. Le proporcionaremos informaci\u00f3n de seguimiento para que pueda comprobar en todo momento el estado de su pedido. El plazo de entrega depende no s\u00f3lo de nuestras oficinas de correos sino, naturalmente, de las oficinas de correos de su zona. Por ello, podemos ofrecerle un plazo de entrega aproximado basado en nuestras experiencias anteriores.<\/span>\t\t\t\t<\/div>\n\t\t\t\t<div class=\"elementor-element elementor-element-42de4d3 elementor-widget elementor-widget-heading\" data-id=\"42de4d3\" data-element_type=\"widget\" data-e-type=\"widget\" data-widget_type=\"heading.default\">\n\t\t\t\t\t<h4 class=\"elementor-heading-title elementor-size-default\">Embalaje del producto sigiloso y muy discreto<\/h4>\t\t\t\t<\/div>\n\t\t\t\t<div class=\"elementor-element elementor-element-a33b206 elementor-widget elementor-widget-heading\" data-id=\"a33b206\" data-element_type=\"widget\" data-e-type=\"widget\" data-widget_type=\"heading.default\">\n\t\t\t\t\t<span class=\"elementor-heading-title elementor-size-default\">Sin duda, su pedido se cargar\u00e1 para garantizar que no haya otra forma de ver, sentir u oler que sus materiales son semillas de Cannabis. Sin duda tendr\u00e1 un aspecto similar al correo ordinario que obtiene de vez en cuando. Entendiendo el plan, que sin duda obtendr\u00e1 podr\u00eda no parecerse a lo que enviamos. Examine el paquete y los productos para localizar las semillas que compr\u00f3.<\/span>\t\t\t\t<\/div>\n\t\t\t\t<div class=\"elementor-element elementor-element-aa64e89 elementor-widget elementor-widget-text-editor\" data-id=\"aa64e89\" data-element_type=\"widget\" data-e-type=\"widget\" data-widget_type=\"text-editor.default\">\n\t\t\t\t\t\t\t\t\t<h4>Precauci\u00f3n<\/h4><ul class=\"caution-list\"><li>Realizamos env\u00edos a casi todos los pa\u00edses del planeta. No obstante, esto no siempre indica que podamos envi\u00e1rselo. En caso de imprevisto, es mejor que se ponga en contacto con nosotros antes de enviar su pedido.<\/li><li>Recuerde que siempre estamos del lado de la atenci\u00f3n por las contradicciones y la oposici\u00f3n a las normativas vecinales. Sin embargo, teniendo en cuenta que las directrices cambian de vez en cuando, nos gustar\u00eda que nos llamara si cree que nos hemos negado err\u00f3neamente a entregar en su pa\u00eds y que nos proporcione pruebas que lo demuestren.<\/li><li>El suministro de semillas de Cannabis est\u00e1 exento de la pol\u00edtica en virtud de la convenci\u00f3n solitaria de 1961 sobre sustancias controladas. En pa\u00edses como los Pa\u00edses Bajos, la normativa nacional sobre opio y estupefacientes contempla la posibilidad de ejercer la profesi\u00f3n de semilla de cannabis.<\/li><li>La circulaci\u00f3n, as\u00ed como la pol\u00edtica de las semillas de Cannabis, var\u00edan peri\u00f3dicamente. Como resultado, le sugerimos r\u00e1pidamente que pregunte acerca de las directrices que se ponen en su \u00e1rea.<\/li><li>Cannabis Seed Store no desea que ninguna persona act\u00fae en conflicto con la legislaci\u00f3n y no puede delegarse en quienes s\u00ed lo hacen.<\/li><\/ul>\t\t\t\t\t\t\t\t<\/div>\n\t\t\t\t\t<\/div>\n\t\t<\/div>\n\t\t\t\t\t<\/div>\n\t\t<\/section>\n\t\t\t\t<\/div>","protected":false},"excerpt":{"rendered":"<p>Detalles relativos al pago, embalaje del producto, as\u00ed como a la entrega Gesti\u00f3n segura de su pago, entrega discreta y env\u00edo r\u00e1pido de sus semillas de Cannabis. Nota: Nuestras semillas de Cannabis se comercializan como recuerdos. Usted puede germinar y expandir en Estados\/Pa\u00edses donde es legal, o tiene un permiso apropiado de la Oficina en su naci\u00f3n....<\/p>","protected":false},"author":2,"featured_media":0,"parent":1178,"menu_order":15,"comment_status":"closed","ping_status":"closed","template":"","meta":{"_seopress_robots_primary_cat":"","_seopress_titles_title":"Secure Payment and Discreet Shipping of Seeds","_seopress_titles_desc":"Information about payment, packaging, and shipping. Secure processing of your payment, discrete shipping, and fast delivery.","_seopress_robots_index":"","_kad_post_transparent":"default","_kad_post_title":"above","_kad_post_layout":"default","_kad_post_sidebar_id":"","_kad_post_content_style":"default","_kad_post_vertical_padding":"default","_kad_post_feature":"hide","_kad_post_feature_position":"","_kad_post_header":false,"_kad_post_footer":false,"_kad_post_classname":"","footnotes":""},"class_list":["post-1152","page","type-page","status-publish"],"_links":{"self":[{"href":"https:\/\/cannaseedsonline.com\/es\/wp-json\/wp\/v2\/pages\/1152","targetHints":{"allow":["GET"]}}],"collection":[{"href":"https:\/\/cannaseedsonline.com\/es\/wp-json\/wp\/v2\/pages"}],"about":[{"href":"https:\/\/cannaseedsonline.com\/es\/wp-json\/wp\/v2\/types\/page"}],"author":[{"embeddable":true,"href":"https:\/\/cannaseedsonline.com\/es\/wp-json\/wp\/v2\/users\/2"}],"replies":[{"embeddable":true,"href":"https:\/\/cannaseedsonline.com\/es\/wp-json\/wp\/v2\/comments?post=1152"}],"version-history":[{"count":0,"href":"https:\/\/cannaseedsonline.com\/es\/wp-json\/wp\/v2\/pages\/1152\/revisions"}],"up":[{"embeddable":true,"href":"https:\/\/cannaseedsonline.com\/es\/wp-json\/wp\/v2\/pages\/1178"}],"wp:attachment":[{"href":"https:\/\/cannaseedsonline.com\/es\/wp-json\/wp\/v2\/media?parent=1152"}],"curies":[{"name":"wp","href":"https:\/\/api.w.org\/{rel}","templated":true}]}}