{"id":28,"date":"2021-08-21T16:30:06","date_gmt":"2021-08-21T14:30:06","guid":{"rendered":"https:\/\/wordpressexperience.com\/?page_id=28"},"modified":"2025-02-18T19:44:00","modified_gmt":"2025-02-18T18:44:00","slug":"about-us","status":"publish","type":"page","link":"https:\/\/cannaseedsonline.com\/de\/about-us\/","title":{"rendered":"\u00dcber Canna Seeds Online"},"content":{"rendered":"<h2>Wir haben ein einfaches Ziel.<\/h2>\n<p>Was als Hobby begann, hat sich durch Leidenschaft zu einer vielseitigen Organisation entwickelt, die sich mit der einzigartigen Hanfpflanze besch\u00e4ftigt. Die gro\u00dfe Vielfalt der vielen Hanfpflanzenarten mit besonderen nat\u00fcrlichen positiven Wirkungen erstaunt uns immer wieder.<\/p>\n<p>Unser Ziel ist es, die besten und g\u00fcnstigsten Cannabis-Samen online anzubieten. Unser Unternehmen hat sich zu einem der bekanntesten Cannabis-Samenlieferanten in den Niederlanden entwickelt.<\/p>\n<p>Wir haben eine Leidenschaft f\u00fcr Cannabis und m\u00f6chten diese Leidenschaft mit Ihnen teilen. Wir versorgen unsere Kunden mit allem, was sie an Cannabis-Samen brauchen, darunter feminisierte Samen, regul\u00e4re Samen, Autoflowering-Samen und verschiedene Sorten wie Indica, Sativa und Hybriden.<\/p>\n<p>Die gute Nachricht ist, dass Cannabissamen online auf unserer Website leicht erh\u00e4ltlich sind. Sie k\u00f6nnen sich beruhigt zur\u00fccklehnen, wenn Sie Ihre Samen bei uns bestellen, da Sie wissen, dass unsere Produkte von h\u00f6chster Qualit\u00e4t und ohne sch\u00e4dliche Zusatzstoffe sind.<\/p>\n<p>Wir sind bekannt f\u00fcr unsere gro\u00dfe Auswahl an Cannabis-Samen, die immer 100% diskret verpackt sind! Es bedeutet, dass, wenn Sie Ihre Lieblings-Gras-Samen-Typen von uns bestellen, Ihre Bestellung wird immer in einer einfachen Verpackung ohne Hinweise auf unsere Website oder Firmennamen auf sie sein.<\/p>","protected":false},"excerpt":{"rendered":"<p>Wir haben ein einfaches Ziel. Was als Hobby begann, hat sich durch Leidenschaft zu einer vielseitigen Organisation entwickelt, die sich mit der einzigartigen Hanfpflanze besch\u00e4ftigt. Die gro\u00dfe Vielfalt der vielen Hanfpflanzenarten mit besonderen nat\u00fcrlichen positiven Wirkungen erstaunt uns immer wieder. Unser Ziel ist es, die besten und g\u00fcnstigsten Cannabis-Samen Online.... anzubieten.<\/p>","protected":false},"author":2,"featured_media":0,"parent":0,"menu_order":2,"comment_status":"closed","ping_status":"closed","template":"","meta":{"_seopress_robots_primary_cat":"","_seopress_titles_title":"%%post_title%% the Cannabis Seeds Store","_seopress_titles_desc":"We are passionate about cannabis and we want to share this passion with you, to offer the best and most affordable Cannabis seeds.","_seopress_robots_index":"","_kad_post_transparent":"default","_kad_post_title":"above","_kad_post_layout":"left","_kad_post_sidebar_id":"","_kad_post_content_style":"default","_kad_post_vertical_padding":"default","_kad_post_feature":"","_kad_post_feature_position":"","_kad_post_header":false,"_kad_post_footer":false,"_kad_post_classname":"","footnotes":""},"class_list":["post-28","page","type-page","status-publish"],"_links":{"self":[{"href":"https:\/\/cannaseedsonline.com\/de\/wp-json\/wp\/v2\/pages\/28","targetHints":{"allow":["GET"]}}],"collection":[{"href":"https:\/\/cannaseedsonline.com\/de\/wp-json\/wp\/v2\/pages"}],"about":[{"href":"https:\/\/cannaseedsonline.com\/de\/wp-json\/wp\/v2\/types\/page"}],"author":[{"embeddable":true,"href":"https:\/\/cannaseedsonline.com\/de\/wp-json\/wp\/v2\/users\/2"}],"replies":[{"embeddable":true,"href":"https:\/\/cannaseedsonline.com\/de\/wp-json\/wp\/v2\/comments?post=28"}],"version-history":[{"count":0,"href":"https:\/\/cannaseedsonline.com\/de\/wp-json\/wp\/v2\/pages\/28\/revisions"}],"wp:attachment":[{"href":"https:\/\/cannaseedsonline.com\/de\/wp-json\/wp\/v2\/media?parent=28"}],"curies":[{"name":"wp","href":"https:\/\/api.w.org\/{rel}","templated":true}]}}