{"id":1173,"date":"2021-08-22T06:41:12","date_gmt":"2021-08-22T04:41:12","guid":{"rendered":"https:\/\/wordpressexperience.com\/?page_id=1173"},"modified":"2025-02-11T14:09:06","modified_gmt":"2025-02-11T13:09:06","slug":"how-to-germinate-cannabis-seeds","status":"publish","type":"page","link":"https:\/\/cannaseedsonline.com\/de\/cannabis-information\/how-to-germinate-cannabis-seeds\/","title":{"rendered":"Wie man Cannabis-Samen keimen l\u00e4sst"},"content":{"rendered":"<div data-elementor-type=\"wp-page\" data-elementor-id=\"1173\" class=\"elementor elementor-1173\" data-elementor-post-type=\"page\">\n\t\t\t\t<div class=\"elementor-element elementor-element-8b1a566 e-con-full e-flex e-con e-child\" data-id=\"8b1a566\" data-element_type=\"container\" data-e-type=\"container\" data-settings=\"{&quot;background_background&quot;:&quot;classic&quot;}\">\n\t\t\t\t<div class=\"elementor-element elementor-element-25cae52 elementor-widget elementor-widget-heading\" data-id=\"25cae52\" data-element_type=\"widget\" data-e-type=\"widget\" data-widget_type=\"heading.default\">\n\t\t\t\t\t<h2 class=\"elementor-heading-title elementor-size-default\">Erfolgreiche Keimung von Cannabissamen<\/h2>\t\t\t\t<\/div>\n\t\t\t\t<div class=\"elementor-element elementor-element-c6d758d elementor-widget elementor-widget-text-editor\" data-id=\"c6d758d\" data-element_type=\"widget\" data-e-type=\"widget\" data-widget_type=\"text-editor.default\">\n\t\t\t\t\t\t\t\t\t<p>Es gibt zwei bekannte Methoden zur Keimung von Cannabissamen. Eine besteht darin, die Samen f\u00fcr 24 bis 48 Stunden in ein Glas mit destilliertem Wasser zu legen. Die andere besteht darin, sie zwischen zwei Platten mit feuchtem Gewebe zu legen. Obwohl diese Keimungsstrategie gut funktioniert, empfehlen wir, dass Sie Ihre Cannabissamen zwischen zwei Platten mit feuchtem Gewebe\/Papier keimen lassen. Wir sind zu dem Schluss gekommen, dass die Keimungsrate h\u00f6her ist, da wir die Keimungsrate der von uns verkauften Cannabissamen st\u00e4ndig testen. Wir sprechen von Tausenden von Samen, die auf Keimung getestet wurden.<\/p>\t\t\t\t\t\t\t\t<\/div>\n\t\t\t\t<div class=\"elementor-element elementor-element-a0de1e8 elementor-widget elementor-widget-heading\" data-id=\"a0de1e8\" data-element_type=\"widget\" data-e-type=\"widget\" data-widget_type=\"heading.default\">\n\t\t\t\t\t<h4 class=\"elementor-heading-title elementor-size-default\">Die folgenden Regeln m\u00fcssen Sie beachten, bevor Sie mit der Keimung von Cannabissamen beginnen.<\/h4>\t\t\t\t<\/div>\n\t\t\t\t<div class=\"elementor-element elementor-element-4a45465 elementor-widget elementor-widget-text-editor\" data-id=\"4a45465\" data-element_type=\"widget\" data-e-type=\"widget\" data-widget_type=\"text-editor.default\">\n\t\t\t\t\t\t\t\t\t<ul><li>Ber\u00fchren Sie die Samen nicht mit blo\u00dfen H\u00e4nden. Verwenden Sie Handschuhe oder eine weiche Pinzette.<\/li><li>Verwenden Sie nur Wasser, das in Flaschen abgef\u00fcllt oder destilliert ist. Leitungswasser oder Wasser aus einem Brunnen wird die Keimrate drastisch verringern.<\/li><li>Verwenden Sie keine luftdichten Feuchtigkeitskuppeln f\u00fcr die Keimung. Sie verhindern die lebenswichtige Luftzirkulation und verursachen Schimmel, der Ihre Setzlinge sch\u00e4digt.<\/li><li>Keimen Sie Ihre Samen bei einer Temperatur von 25 Grad Celsius (78 Grad Fahrenheit) und vermeiden Sie Temperaturschwankungen.<\/li><\/ul>\t\t\t\t\t\t\t\t<\/div>\n\t\t\t\t<div class=\"elementor-element elementor-element-bfd184a elementor-widget elementor-widget-heading\" data-id=\"bfd184a\" data-element_type=\"widget\" data-e-type=\"widget\" data-widget_type=\"heading.default\">\n\t\t\t\t\t<h4 class=\"elementor-heading-title elementor-size-default\">Cannabissamen zwischen zwei Platten und einem feuchten Tuch keimen lassen.<\/h4>\t\t\t\t<\/div>\n\t\t\t\t<div class=\"elementor-element elementor-element-44ccd76 elementor-widget elementor-widget-heading\" data-id=\"44ccd76\" data-element_type=\"widget\" data-e-type=\"widget\" data-widget_type=\"heading.default\">\n\t\t\t\t\t<span class=\"elementor-heading-title elementor-size-default\">Das ben\u00f6tigte Material:<\/span>\t\t\t\t<\/div>\n\t\t\t\t<div class=\"elementor-element elementor-element-7908e70 elementor-widget elementor-widget-text-editor\" data-id=\"7908e70\" data-element_type=\"widget\" data-e-type=\"widget\" data-widget_type=\"text-editor.default\">\n\t\t\t\t\t\t\t\t\t<ul><li>Zwei von denselben Tellern.<\/li><li>Taschent\u00fccher, Papier oder anderes wasserhaltiges Material (ph-neutral).<\/li><li>Sauberes destilliertes ph-neutrales Wasser bei Raumtemperatur.<\/li><li>Desinfizierte Handschuhe (die wei\u00dfen, die \u00c4rzte tragen).<\/li><\/ul>\t\t\t\t\t\t\t\t<\/div>\n\t\t\t\t<div class=\"elementor-element elementor-element-4a7972e elementor-widget elementor-widget-heading\" data-id=\"4a7972e\" data-element_type=\"widget\" data-e-type=\"widget\" data-widget_type=\"heading.default\">\n\t\t\t\t\t<h4 class=\"elementor-heading-title elementor-size-default\">Verfahren zur Keimung<\/h4>\t\t\t\t<\/div>\n\t\t\t\t<div class=\"elementor-element elementor-element-8f27277 elementor-widget elementor-widget-text-editor\" data-id=\"8f27277\" data-element_type=\"widget\" data-e-type=\"widget\" data-widget_type=\"text-editor.default\">\n\t\t\t\t\t\t\t\t\t<ul><li>Legen Sie einige angefeuchtete Taschent\u00fccher auf den ersten Teller. Achte darauf, dass die T\u00fccher nicht zu nass sind, also lass \u00fcbersch\u00fcssiges Wasser von der Platte ablaufen. Wie bereits erw\u00e4hnt, muss das Wasser Zimmertemperatur haben.<\/li><li>Legen Sie nun Ihre Cannabissamen auf das feuchte Gewebe und lassen Sie jedem Samen so viel Platz wie m\u00f6glich.<\/li><li>Legen Sie weitere feuchte T\u00fccher auf die Samen, damit sie vollst\u00e4ndig bedeckt sind.<\/li><li>Legen Sie nun die zweite Platte verkehrt herum auf die erste Platte.<\/li><li>Stellen Sie die Platte mit den Samen an einen warmen, dunklen Ort, an dem keine Temperaturschwankungen auftreten.<\/li><\/ul>\t\t\t\t\t\t\t\t<\/div>\n\t\t\t\t<div class=\"elementor-element elementor-element-f9eb227 elementor-widget elementor-widget-spacer\" data-id=\"f9eb227\" data-element_type=\"widget\" data-e-type=\"widget\" data-widget_type=\"spacer.default\">\n\t\t\t\t\t\t\t<div class=\"elementor-spacer\">\n\t\t\t<div class=\"elementor-spacer-inner\"><\/div>\n\t\t<\/div>\n\t\t\t\t\t\t<\/div>\n\t\t\t\t<div class=\"elementor-element elementor-element-643d322 elementor-widget elementor-widget-text-editor\" data-id=\"643d322\" data-element_type=\"widget\" data-e-type=\"widget\" data-widget_type=\"text-editor.default\">\n\t\t\t\t\t\t\t\t\t<p>Es dauert oft bis zu 72 Stunden, bis sich die ersten Cannabissamen \u00f6ffnen und Wurzeln schlagen. In einigen extremen F\u00e4llen kann es bis zu zehn Tage dauern, bevor die Samen Wurzeln schlagen.<\/p><p>Wenn die aus den Samen hervorgegangenen Wurzeln etwa 2,5 cm gro\u00df sind, k\u00f6nnen Sie sie in ein alternatives Kultursubstrat (z. B. Erde, Rockwool oder Kokosfasern) umsetzen. Aber Vorsicht: Ber\u00fchren Sie die Samen nicht mit blo\u00dfen H\u00e4nden und bewahren Sie sie vor direkter Sonneneinstrahlung.<\/p><p>Schaffen Sie f\u00fcr jeden Samen eine L\u00fccke im Medium. Legen Sie die Samen mit der Wurzel nach unten ein, so dass sie 0,5 cm unter dem Boden liegen, gerade so viel, dass sie leicht ged\u00e4mpft werden. Bedecken Sie das Saatgut mit 0,2\u2033 Erde und dr\u00fccken Sie es leicht an. Die S\u00e4mlinge schl\u00fcpfen oft innerhalb von 24 bis 72 Stunden nach dem Einpflanzen der gekeimten Samen aus dem N\u00e4hrboden. Sobald sie das tun, ist es an der Zeit, sie unter (Sonnen-)Licht zu stellen und mit dem Aufgehen zu beginnen.<\/p><p>Wenn Sie den Anbau im Freien planen, m\u00fcssen Sie die gekeimten Cannabissamen zwei Wochen lang auf die Fensterbank stellen, damit sie sich an das Sonnenlicht und die Temperaturschwankungen gew\u00f6hnen k\u00f6nnen.<\/p><p>Den Anbau von Marihuana beschreiben wir auf unserer <a href=\"https:\/\/cannaseedsonline.com\/marijuana-information\/how-to-grow-marijuana\/\"><strong>Wie man Cannabis anbaut pag<\/strong>e<\/a>.<\/p>\t\t\t\t\t\t\t\t<\/div>\n\t\t\t\t<\/div>\n\t\t\t\t<\/div>","protected":false},"excerpt":{"rendered":"<p>Erfolgreiche Keimung von Cannabissamen Es gibt zwei bekannte Methoden zur Keimung von Cannabissamen. Die eine besteht darin, die Samen f\u00fcr 24 bis 48 Stunden in ein Glas mit destilliertem Wasser zu legen. Die andere besteht darin, sie zwischen zwei Platten mit feuchtem Gewebe zu legen. Obwohl diese Keimungsstrategie gut funktioniert, empfehlen wir, dass Sie Ihre Cannabissamen keimen lassen...<\/p>","protected":false},"author":2,"featured_media":0,"parent":1177,"menu_order":7,"comment_status":"closed","ping_status":"closed","template":"","meta":{"_seopress_robots_primary_cat":"","_seopress_titles_title":"Germinate Cannabis Seeds Easy Moist Tissue Method","_seopress_titles_desc":"Learn the best method to germinate Cannabis seeds with high success. Use our expert tips for perfect germination with no mold or common mistakes.","_seopress_robots_index":"","_kad_post_transparent":"default","_kad_post_title":"above","_kad_post_layout":"default","_kad_post_sidebar_id":"","_kad_post_content_style":"default","_kad_post_vertical_padding":"default","_kad_post_feature":"hide","_kad_post_feature_position":"","_kad_post_header":false,"_kad_post_footer":false,"_kad_post_classname":"","footnotes":""},"class_list":["post-1173","page","type-page","status-publish"],"_links":{"self":[{"href":"https:\/\/cannaseedsonline.com\/de\/wp-json\/wp\/v2\/pages\/1173","targetHints":{"allow":["GET"]}}],"collection":[{"href":"https:\/\/cannaseedsonline.com\/de\/wp-json\/wp\/v2\/pages"}],"about":[{"href":"https:\/\/cannaseedsonline.com\/de\/wp-json\/wp\/v2\/types\/page"}],"author":[{"embeddable":true,"href":"https:\/\/cannaseedsonline.com\/de\/wp-json\/wp\/v2\/users\/2"}],"replies":[{"embeddable":true,"href":"https:\/\/cannaseedsonline.com\/de\/wp-json\/wp\/v2\/comments?post=1173"}],"version-history":[{"count":0,"href":"https:\/\/cannaseedsonline.com\/de\/wp-json\/wp\/v2\/pages\/1173\/revisions"}],"up":[{"embeddable":true,"href":"https:\/\/cannaseedsonline.com\/de\/wp-json\/wp\/v2\/pages\/1177"}],"wp:attachment":[{"href":"https:\/\/cannaseedsonline.com\/de\/wp-json\/wp\/v2\/media?parent=1173"}],"curies":[{"name":"wp","href":"https:\/\/api.w.org\/{rel}","templated":true}]}}