{"id":1156,"date":"2021-08-22T06:32:37","date_gmt":"2021-08-22T04:32:37","guid":{"rendered":"https:\/\/wordpressexperience.com\/?page_id=1156"},"modified":"2025-02-11T14:57:42","modified_gmt":"2025-02-11T13:57:42","slug":"privacy-policy","status":"publish","type":"page","link":"https:\/\/cannaseedsonline.com\/de\/customer-support\/privacy-policy\/","title":{"rendered":"Datenschutzbestimmungen"},"content":{"rendered":"<h2>Die Privatsph\u00e4re unserer Kunden ist eines unserer wichtigsten Anliegen.<\/h2>\n<p>Diese Website wird von Canna Seeds Online verwaltet.<\/p>\n<p>Wenn Sie diese Website besuchen, kann Canna Seeds Online pers\u00f6nliche Daten \u00fcber Sie sammeln, entweder direkt (wenn Sie aufgefordert werden, die Daten zur Verf\u00fcgung zu stellen) oder indirekt. Canna Seeds Online wird diese pers\u00f6nlichen Daten jedoch nur in \u00dcbereinstimmung mit den in dieser Datenschutzerkl\u00e4rung dargelegten Zwecken verwenden und verpflichtet sich, die gesammelten pers\u00f6nlichen Daten zu sch\u00fctzen. In dieser Erkl\u00e4rung werden die Zwecke der Datenverarbeitung durch Canna Seeds Online in Bezug auf diese Website, die Verwendung von Cookies und die Wahrnehmung Ihrer Rechte in Bezug auf Ihre pers\u00f6nlichen Daten dargelegt.<\/p>\n<h4>Zwecke der Verarbeitung<\/h4>\n<p>Canna Seeds Online sammelt und verarbeitet Informationen \u00fcber Kunden und Besucher seiner Website, um seine Gesch\u00e4fte zu f\u00fchren, um \u00fcber Produkte und Dienstleistungen zu informieren, die f\u00fcr Sie von Interesse sein k\u00f6nnten, und um Webstatistiken zu erstellen. Die von Ihnen zur Verf\u00fcgung gestellten Informationen werden verwendet, um Sie bei Bedarf zu kontaktieren, z.B. um Sie \u00fcber Funktions\u00e4nderungen auf der Website zu informieren und um Ihnen Dienstleistungen anzubieten, die Sie hilfreich finden k\u00f6nnten (vorausgesetzt, Sie haben sich nicht gegen den Erhalt solcher Dienstleistungen entschieden).<\/p>\n<h4>Sensible Daten<\/h4>\n<p>Canna Seeds Online versucht nicht, sensible pers\u00f6nliche Daten (wie z.B. Daten, die politische Meinungen, religi\u00f6se \u00dcberzeugungen oder Daten \u00fcber Gesundheit oder Sexualleben offenbaren) \u00fcber diese Website zu sammeln. Wenn Canna Seeds Online versucht, solche Daten zu sammeln, wird Ihre vorherige Zustimmung dazu eingeholt. Bitte beachten Sie, dass Sie, wenn Sie dem Canna Seeds Online Service unaufgefordert sensible pers\u00f6nliche Daten zur Verf\u00fcgung stellen, damit einverstanden sind, dass wir diese Daten wie oben beschrieben verwenden.<\/p>\n<h4>Cookies<\/h4>\n<p>Canna Seeds Online kann Informationen \u00fcber die Nutzung dieser Website sammeln und analysieren, einschlie\u00dflich des Domainnamens, der Anzahl der Zugriffe, der besuchten Seiten, der vorhergehenden\/nachfolgenden besuchten Seiten und der Dauer der Benutzersitzung. Diese Informationen k\u00f6nnen durch die Verwendung eines Cookies gesammelt werden. Ein Cookie ist eine kleine Textdatei, die von unserem Webserver auf Ihrer Festplatte abgelegt wird. Sie k\u00f6nnen w\u00e4hlen, ob Sie ein Cookie verwenden m\u00f6chten oder nicht, indem Sie die Einstellungen Ihres Browsers \u00e4ndern. Ein Cookie macht die Nutzung dieser Website schneller und einfacher.<\/p>\n<h4>Websites von Drittanbietern<\/h4>\n<p>Bitte beachten Sie, dass sich diese Datenschutzerkl\u00e4rung nicht auf die mit dieser Website verlinkten Websites Dritter erstreckt.<\/p>\n<p>Wie Sie Canna Seeds Online kontaktieren k\u00f6nnen<br \/>\nWenn Sie Fragen zu dieser Datenschutzerkl\u00e4rung oder zu unserer Datenverarbeitung haben, k\u00f6nnen Sie sich \u00fcber unser Kontaktformular oder auf dem Postweg an uns wenden:<\/p>\n<h5>Gesch\u00e4ftliche Details<\/h5>\n<p>Canna-Samen Online<br \/>\nAnna van Renesseplein 8<br \/>\n1911 KN Uitgeest<\/p>\n<p>KvK: 34283748<br \/>\nBTW-Nr: NL818502915B01<br \/>\nTelefon: +31612637177<\/p>\n<h5>Kundenbetreuung<\/h5>\n<p>Canna-Samen Online<br \/>\nPostauto 191<br \/>\n1940 AD Beverwijk<\/p>\n<p>KvK: 34283748<br \/>\nBTW-nr:NL818502915B01<br \/>\nTelefon: +31612637177<\/p>","protected":false},"excerpt":{"rendered":"<p>Die Privatsph\u00e4re unserer Kunden ist eines unserer Hauptanliegen. Diese Website wird von Canna Seeds Online verwaltet. Wenn Sie diese Website besuchen, kann Canna Seeds Online pers\u00f6nliche Daten \u00fcber Sie sammeln, entweder direkt (wenn Sie gebeten werden, die Daten zu liefern) oder indirekt. Canna Seeds Online wird diese pers\u00f6nlichen Daten jedoch nur verwenden...<\/p>","protected":false},"author":2,"featured_media":0,"parent":1178,"menu_order":19,"comment_status":"closed","ping_status":"closed","template":"","meta":{"_seopress_robots_primary_cat":"","_seopress_titles_title":"","_seopress_titles_desc":"Canna Seeds Online will only use these personal data in accordance with the purposes set forth in this Privacy Statement.","_seopress_robots_index":"","_kad_post_transparent":"default","_kad_post_title":"default","_kad_post_layout":"default","_kad_post_sidebar_id":"","_kad_post_content_style":"default","_kad_post_vertical_padding":"default","_kad_post_feature":"","_kad_post_feature_position":"","_kad_post_header":false,"_kad_post_footer":false,"_kad_post_classname":"","footnotes":""},"class_list":["post-1156","page","type-page","status-publish"],"_links":{"self":[{"href":"https:\/\/cannaseedsonline.com\/de\/wp-json\/wp\/v2\/pages\/1156","targetHints":{"allow":["GET"]}}],"collection":[{"href":"https:\/\/cannaseedsonline.com\/de\/wp-json\/wp\/v2\/pages"}],"about":[{"href":"https:\/\/cannaseedsonline.com\/de\/wp-json\/wp\/v2\/types\/page"}],"author":[{"embeddable":true,"href":"https:\/\/cannaseedsonline.com\/de\/wp-json\/wp\/v2\/users\/2"}],"replies":[{"embeddable":true,"href":"https:\/\/cannaseedsonline.com\/de\/wp-json\/wp\/v2\/comments?post=1156"}],"version-history":[{"count":0,"href":"https:\/\/cannaseedsonline.com\/de\/wp-json\/wp\/v2\/pages\/1156\/revisions"}],"up":[{"embeddable":true,"href":"https:\/\/cannaseedsonline.com\/de\/wp-json\/wp\/v2\/pages\/1178"}],"wp:attachment":[{"href":"https:\/\/cannaseedsonline.com\/de\/wp-json\/wp\/v2\/media?parent=1156"}],"curies":[{"name":"wp","href":"https:\/\/api.w.org\/{rel}","templated":true}]}}