{"id":1153,"date":"2021-08-22T06:32:37","date_gmt":"2021-08-22T04:32:37","guid":{"rendered":"https:\/\/wordpressexperience.com\/?page_id=1153"},"modified":"2025-04-21T00:09:11","modified_gmt":"2025-04-20T22:09:11","slug":"cannabis-seeds-bitcoin-payment","status":"publish","type":"page","link":"https:\/\/cannaseedsonline.com\/de\/customer-support\/cannabis-seeds-bitcoin-payment\/","title":{"rendered":"Cannabis-Samen Bitcoin-Zahlung"},"content":{"rendered":"<div data-elementor-type=\"wp-page\" data-elementor-id=\"1153\" class=\"elementor elementor-1153\" data-elementor-post-type=\"page\">\n\t\t\t\t\t\t<section class=\"elementor-section elementor-top-section elementor-element elementor-element-4b1e8d8 elementor-section-boxed elementor-section-height-default elementor-section-height-default\" data-id=\"4b1e8d8\" data-element_type=\"section\" data-e-type=\"section\">\n\t\t\t\t\t\t<div class=\"elementor-container elementor-column-gap-no\">\n\t\t\t\t\t<div class=\"elementor-column elementor-col-100 elementor-top-column elementor-element elementor-element-935e7fb\" data-id=\"935e7fb\" data-element_type=\"column\" data-e-type=\"column\">\n\t\t\t<div class=\"elementor-widget-wrap elementor-element-populated\">\n\t\t\t\t\t\t<div class=\"elementor-element elementor-element-c9bae42 elementor-widget elementor-widget-heading\" data-id=\"c9bae42\" data-element_type=\"widget\" data-e-type=\"widget\" data-widget_type=\"heading.default\">\n\t\t\t\t\t<h2 class=\"elementor-heading-title elementor-size-default\">Was sind Bitcoins?<\/h2>\t\t\t\t<\/div>\n\t\t\t\t<div class=\"elementor-element elementor-element-491fae2 elementor-widget__width-initial elementor-widget-tablet__width-inherit elementor-widget-mobile__width-inherit elementor-widget elementor-widget-text-editor\" data-id=\"491fae2\" data-element_type=\"widget\" data-e-type=\"widget\" data-widget_type=\"text-editor.default\">\n\t\t\t\t\t\t\t\t\t<p>Die Bitcoin-W\u00e4hrung gibt es seit 2009. Es handelt sich um eine digitale W\u00e4hrung (ein St\u00fcck kryptischer Code), mit der Bitcoin Eink\u00e4ufe get\u00e4tigt werden k\u00f6nnen. Anfangs wurden Bitcoins haupts\u00e4chlich online verwendet, aber heutzutage akzeptiert sogar Ihr Supermarkt Bitcoins als Zahlungsmittel. Und das tun wir auch. Jetzt k\u00f6nnen Sie Cannabis-Samen mit Bitcoins kaufen! Der gro\u00dfe Vorteil von Bitcoins ist, dass sie anonym sind. Genau das, wof\u00fcr Bitcoins gemacht sind!<\/p><p>Keine Bank und kein Geheimdienst wei\u00df, wer Bitcoins besitzt und was er damit kauft. Das liegt daran, dass es keine Zentralbank gibt, die die Transaktionen kontrolliert und \u00fcberwacht.<\/p><p>Wenn Sie mehr \u00fcber Bitcoins wissen wollen, sollten Sie sich das Video ansehen. Sie k\u00f6nnen auch viele Informationen finden auf <strong><a href=\"http:\/\/en.wikipedia.org\/wiki\/Bitcoin\" target=\"_blank\" rel=\"noopener\">Wikipedia \u00fcber Bitcoin<\/a><\/strong> und, nat\u00fcrlich, auf der <strong><a href=\"https:\/\/bitcoin.org\/\" target=\"_blank\" rel=\"noopener\">Bitcoin-Website<\/a><\/strong>.<\/p>\t\t\t\t\t\t\t\t<\/div>\n\t\t\t\t<div class=\"elementor-element elementor-element-afe04c5 elementor-widget__width-initial elementor-widget-tablet__width-inherit elementor-widget-mobile__width-inherit elementor-widget elementor-widget-video\" data-id=\"afe04c5\" data-element_type=\"widget\" data-e-type=\"widget\" data-settings=\"{&quot;youtube_url&quot;:&quot;https:\\\/\\\/www.youtube.com\\\/watch?v=Um63OQz3bjo&amp;t=9s&quot;,&quot;video_type&quot;:&quot;youtube&quot;}\" data-widget_type=\"video.default\">\n\t\t\t\t\t\t\t<div class=\"elementor-wrapper elementor-open-inline\">\n\t\t\t<div class=\"elementor-video\"><\/div>\t\t<\/div>\n\t\t\t\t\t\t<\/div>\n\t\t\t\t<div class=\"elementor-element elementor-element-6fc04d1 elementor-widget elementor-widget-heading\" data-id=\"6fc04d1\" data-element_type=\"widget\" data-e-type=\"widget\" data-widget_type=\"heading.default\">\n\t\t\t\t\t<span class=\"elementor-heading-title elementor-size-default\">Kaufen Sie Cannabis-Samen mit Bitcoins und erhalten Sie einen 10% Rabatt auf Ihre Bestellung!<\/span>\t\t\t\t<\/div>\n\t\t\t\t<div class=\"elementor-element elementor-element-4691630 elementor-widget elementor-widget-heading\" data-id=\"4691630\" data-element_type=\"widget\" data-e-type=\"widget\" data-widget_type=\"heading.default\">\n\t\t\t\t\t<h3 class=\"elementor-heading-title elementor-size-default\">Anonymer Kauf von Cannabis-Samen mit Bitcoins, wie und warum?<\/h3>\t\t\t\t<\/div>\n\t\t\t\t<div class=\"elementor-element elementor-element-b4b1a13 elementor-widget elementor-widget-heading\" data-id=\"b4b1a13\" data-element_type=\"widget\" data-e-type=\"widget\" data-widget_type=\"heading.default\">\n\t\t\t\t\t<span class=\"elementor-heading-title elementor-size-default\">Wir beliefern zufriedene Kunden weltweit und haben selten Probleme mit Zahlungen und Versand von Cannabis-Samen. Wenn Sie jedoch 100% anonym sein wollen, sollten Sie Cannabis-Samen mit Bitcoins kaufen. Da Bitcoins direkt zwischen dem K\u00e4ufer und dem Verk\u00e4ufer stattfinden, gibt es keinen Vermittler wie eine Bank oder ein Finanzinstitut. Das macht eine Bitcoin-Transaktion unauffindbar. Unser Server ist mit SSL gesichert, was bedeutet, dass alle Daten, die Sie \u00fcber Formulare an uns senden, mit 256 Bits verschl\u00fcsselt sind.<\/span>\t\t\t\t<\/div>\n\t\t\t\t<div class=\"elementor-element elementor-element-f5f7140 elementor-widget elementor-widget-heading\" data-id=\"f5f7140\" data-element_type=\"widget\" data-e-type=\"widget\" data-widget_type=\"heading.default\">\n\t\t\t\t\t<h3 class=\"elementor-heading-title elementor-size-default\">Wie man Cannabis-Samen mit Bitcoins kauft<\/h3>\t\t\t\t<\/div>\n\t\t\t\t<div class=\"elementor-element elementor-element-d373e92 elementor-widget__width-initial elementor-widget-mobile__width-inherit elementor-widget elementor-widget-text-editor\" data-id=\"d373e92\" data-element_type=\"widget\" data-e-type=\"widget\" data-widget_type=\"text-editor.default\">\n\t\t\t\t\t\t\t\t\t<p>Der Kauf von Cannabis-Samen mit Bitcoins ist genauso einfach wie die Bezahlung mit jeder anderen Zahlungsmethode. Legen Sie die Samen, die Sie kaufen m\u00f6chten, in Ihren Warenkorb, gehen Sie zur Kasse und w\u00e4hlen Sie die Zahlungsmethode: Bitcoins. Wenn Sie noch keine Bitcoins haben, k\u00f6nnen Sie sie bekommen bei <strong><a href=\"https:\/\/coinbase.com\/\" target=\"_blank\" rel=\"noopener\">coinbase.com<\/a><\/strong><\/p>\t\t\t\t\t\t\t\t<\/div>\n\t\t\t\t<div class=\"elementor-element elementor-element-f29c17a elementor-widget__width-initial elementor-widget-mobile__width-inherit elementor-widget elementor-widget-image\" data-id=\"f29c17a\" data-element_type=\"widget\" data-e-type=\"widget\" data-widget_type=\"image.default\">\n\t\t\t\t\t\t\t\t\t\t\t\t\t\t\t<img loading=\"lazy\" decoding=\"async\" width=\"306\" height=\"64\" src=\"https:\/\/cannaseedsonline.com\/wp-content\/uploads\/bitcoin_logo.svg\" class=\"attachment-full size-full wp-image-1452\" alt=\"Bitcoin-Logo Bild\" \/>\t\t\t\t\t\t\t\t\t\t\t\t\t\t\t<\/div>\n\t\t\t\t\t<\/div>\n\t\t<\/div>\n\t\t\t\t\t<\/div>\n\t\t<\/section>\n\t\t\t\t<\/div>","protected":false},"excerpt":{"rendered":"<p>Was sind Bitcoins? Die Bitcoin-W\u00e4hrung gibt es seit 2009. Es handelt sich dabei um eine digitale W\u00e4hrung (ein kryptischer Code), mit der man in Bitcoin einkaufen kann. Anfangs wurden Bitcoins haupts\u00e4chlich online verwendet, aber heutzutage akzeptiert sogar Ihr Supermarkt Bitcoins als Zahlungsmittel. Und das tun wir auch. Jetzt k\u00f6nnen Sie einkaufen...<\/p>","protected":false},"author":2,"featured_media":0,"parent":1178,"menu_order":14,"comment_status":"closed","ping_status":"closed","template":"","meta":{"_seopress_robots_primary_cat":"","_seopress_titles_title":"Buy Cannabis Seeds with Bitcoin for Anonymous Deals","_seopress_titles_desc":"If you want to order Cannabis seeds and want to be 100% anonymous, you should buy your Cannabis seeds with Bitcoins.","_seopress_robots_index":"","_kad_post_transparent":"default","_kad_post_title":"above","_kad_post_layout":"default","_kad_post_sidebar_id":"","_kad_post_content_style":"default","_kad_post_vertical_padding":"default","_kad_post_feature":"hide","_kad_post_feature_position":"","_kad_post_header":false,"_kad_post_footer":false,"_kad_post_classname":"","footnotes":""},"class_list":["post-1153","page","type-page","status-publish"],"_links":{"self":[{"href":"https:\/\/cannaseedsonline.com\/de\/wp-json\/wp\/v2\/pages\/1153","targetHints":{"allow":["GET"]}}],"collection":[{"href":"https:\/\/cannaseedsonline.com\/de\/wp-json\/wp\/v2\/pages"}],"about":[{"href":"https:\/\/cannaseedsonline.com\/de\/wp-json\/wp\/v2\/types\/page"}],"author":[{"embeddable":true,"href":"https:\/\/cannaseedsonline.com\/de\/wp-json\/wp\/v2\/users\/2"}],"replies":[{"embeddable":true,"href":"https:\/\/cannaseedsonline.com\/de\/wp-json\/wp\/v2\/comments?post=1153"}],"version-history":[{"count":0,"href":"https:\/\/cannaseedsonline.com\/de\/wp-json\/wp\/v2\/pages\/1153\/revisions"}],"up":[{"embeddable":true,"href":"https:\/\/cannaseedsonline.com\/de\/wp-json\/wp\/v2\/pages\/1178"}],"wp:attachment":[{"href":"https:\/\/cannaseedsonline.com\/de\/wp-json\/wp\/v2\/media?parent=1153"}],"curies":[{"name":"wp","href":"https:\/\/api.w.org\/{rel}","templated":true}]}}