{"id":1152,"date":"2021-08-22T06:32:37","date_gmt":"2021-08-22T04:32:37","guid":{"rendered":"https:\/\/wordpressexperience.com\/?page_id=1152"},"modified":"2025-04-21T00:09:30","modified_gmt":"2025-04-20T22:09:30","slug":"payment-and-shipping","status":"publish","type":"page","link":"https:\/\/cannaseedsonline.com\/de\/customer-support\/payment-and-shipping\/","title":{"rendered":"Zahlung und Versand"},"content":{"rendered":"<div data-elementor-type=\"wp-page\" data-elementor-id=\"1152\" class=\"elementor elementor-1152\" data-elementor-post-type=\"page\">\n\t\t\t\t\t\t<section class=\"elementor-section elementor-top-section elementor-element elementor-element-62958bd elementor-section-boxed elementor-section-height-default elementor-section-height-default\" data-id=\"62958bd\" data-element_type=\"section\" data-e-type=\"section\">\n\t\t\t\t\t\t<div class=\"elementor-container elementor-column-gap-no\">\n\t\t\t\t\t<div class=\"elementor-column elementor-col-100 elementor-top-column elementor-element elementor-element-ff164ee\" data-id=\"ff164ee\" data-element_type=\"column\" data-e-type=\"column\">\n\t\t\t<div class=\"elementor-widget-wrap elementor-element-populated\">\n\t\t\t\t\t\t<div class=\"elementor-element elementor-element-401578b elementor-widget elementor-widget-heading\" data-id=\"401578b\" data-element_type=\"widget\" data-e-type=\"widget\" data-widget_type=\"heading.default\">\n\t\t\t\t\t<h2 class=\"elementor-heading-title elementor-size-default\">Einzelheiten zur Zahlung, Produktverpackung sowie zur Lieferung<\/h2>\t\t\t\t<\/div>\n\t\t\t\t<div class=\"elementor-element elementor-element-0840832 elementor-widget elementor-widget-heading\" data-id=\"0840832\" data-element_type=\"widget\" data-e-type=\"widget\" data-widget_type=\"heading.default\">\n\t\t\t\t\t<span class=\"elementor-heading-title elementor-size-default\">Sichere Abwicklung Ihrer Zahlung, diskrete Lieferung und schneller Versand Ihrer Cannabis-Samen.<\/span>\t\t\t\t<\/div>\n\t\t\t\t<div class=\"elementor-element elementor-element-33c6cf8 elementor-widget elementor-widget-heading\" data-id=\"33c6cf8\" data-element_type=\"widget\" data-e-type=\"widget\" data-widget_type=\"heading.default\">\n\t\t\t\t\t<span class=\"elementor-heading-title elementor-size-default\">Bitte beachten Sie: Unsere Cannabis-Samen werden als Andenken vermarktet. Sie k\u00f6nnen in den Staaten\/L\u00e4ndern, in denen es legal ist, keimen und expandieren, oder Sie haben eine entsprechende Genehmigung vom Amt in Ihrem Land. Ein Gesch\u00e4ft f\u00fcr Cannabis-Samen kann eine Bestellung zur\u00fccknehmen und die R\u00fcckzahlung verlangen, wenn wir der Meinung sind, dass ein Verbraucher sich nicht an die korrekten Richtlinien h\u00e4lt.<\/span>\t\t\t\t<\/div>\n\t\t\t\t<div class=\"elementor-element elementor-element-5b16e2c elementor-widget elementor-widget-heading\" data-id=\"5b16e2c\" data-element_type=\"widget\" data-e-type=\"widget\" data-widget_type=\"heading.default\">\n\t\t\t\t\t<h4 class=\"elementor-heading-title elementor-size-default\">Zahlung<\/h4>\t\t\t\t<\/div>\n\t\t\t\t<div class=\"elementor-element elementor-element-20cd429 elementor-widget elementor-widget-heading\" data-id=\"20cd429\" data-element_type=\"widget\" data-e-type=\"widget\" data-widget_type=\"heading.default\">\n\t\t\t\t\t<span class=\"elementor-heading-title elementor-size-default\">Wir tun unser Bestes, um so viele R\u00fcckzahlungsalternativen wie m\u00f6glich anzubieten. Wenn Sie eine Frage f\u00fcr brandneue R\u00fcckzahlungsans\u00e4tze haben, k\u00f6nnen Sie uns immer einen Schrei geben.<\/span>\t\t\t\t<\/div>\n\t\t\t\t<div class=\"elementor-element elementor-element-113630d elementor-widget elementor-widget-heading\" data-id=\"113630d\" data-element_type=\"widget\" data-e-type=\"widget\" data-widget_type=\"heading.default\">\n\t\t\t\t\t<span class=\"elementor-heading-title elementor-size-default\">Obwohl unsere Organisation offiziell ist, verfeinern wir jedes Gesch\u00e4ft so diskret wie m\u00f6glich. Bei jedem Deal werden wir keine Cannabis-relevanten Materialien angeben. Wenn Ihr Finanzinstitut Ihre R\u00fcckzahlung kordelt oder das Geld in einem Umschlag schickt, legen Sie Ihre Auftragsnummer vor. Bitte tun Sie dasselbe.\nWir geben niemals Cannabis-relevantes Material auf Deal-Zusammenfassungen, Kosten oder Rechnungen an.<\/span>\t\t\t\t<\/div>\n\t\t\t\t<div class=\"elementor-element elementor-element-826a356 elementor-widget elementor-widget-heading\" data-id=\"826a356\" data-element_type=\"widget\" data-e-type=\"widget\" data-widget_type=\"heading.default\">\n\t\t\t\t\t<span class=\"elementor-heading-title elementor-size-default\">Wir geben in Transaktionsbeschreibungen, Rechnungen und Abrechnungen niemals Inhalte mit Bezug zu Cannabis an.<\/span>\t\t\t\t<\/div>\n\t\t\t\t<div class=\"elementor-element elementor-element-0ea1773 elementor-widget elementor-widget-heading\" data-id=\"0ea1773\" data-element_type=\"widget\" data-e-type=\"widget\" data-widget_type=\"heading.default\">\n\t\t\t\t\t<h4 class=\"elementor-heading-title elementor-size-default\">Lieferung<\/h4>\t\t\t\t<\/div>\n\t\t\t\t<div class=\"elementor-element elementor-element-d21e80b elementor-widget elementor-widget-heading\" data-id=\"d21e80b\" data-element_type=\"widget\" data-e-type=\"widget\" data-widget_type=\"heading.default\">\n\t\t\t\t\t<span class=\"elementor-heading-title elementor-size-default\">Bestellungen werden sicherlich weltweit innerhalb von 1 Tag an Organisationstagen geliefert, sobald die R\u00fcckzahlung erhalten wurde. Wir bieten Ihnen die M\u00f6glichkeit der Sendungsverfolgung, so dass Sie den Zustand Ihrer Bestellung jederzeit \u00fcberpr\u00fcfen k\u00f6nnen. Die Lieferzeit h\u00e4ngt nicht nur von unseren Post\u00e4mtern ab, sondern nat\u00fcrlich auch von den Post\u00e4mtern in Ihrer N\u00e4he. Daher k\u00f6nnen wir aufgrund unserer bisherigen Erfahrungen eine ungef\u00e4hre Lieferzeit angeben.<\/span>\t\t\t\t<\/div>\n\t\t\t\t<div class=\"elementor-element elementor-element-42de4d3 elementor-widget elementor-widget-heading\" data-id=\"42de4d3\" data-element_type=\"widget\" data-e-type=\"widget\" data-widget_type=\"heading.default\">\n\t\t\t\t\t<h4 class=\"elementor-heading-title elementor-size-default\">Stealth sowie sehr diskrete Produktverpackung<\/h4>\t\t\t\t<\/div>\n\t\t\t\t<div class=\"elementor-element elementor-element-a33b206 elementor-widget elementor-widget-heading\" data-id=\"a33b206\" data-element_type=\"widget\" data-e-type=\"widget\" data-widget_type=\"heading.default\">\n\t\t\t\t\t<span class=\"elementor-heading-title elementor-size-default\">Ihre Bestellung wird zweifellos so geladen, dass es keine andere M\u00f6glichkeit gibt, zu sehen, zu f\u00fchlen oder zu riechen, dass es sich bei den Materialien um Cannabis-Samen handelt. Sie wird sicherlich \u00e4hnlich aussehen wie die normale Post, die Sie hin und wieder erhalten. Wenn du den Plan verstehst, wirst du zweifelsohne bekommen, dass es nicht so aussieht, wie wir es verschicken. Durchsuchen Sie das Paket und die Produkte, um die Samen zu finden, die Sie gekauft haben.<\/span>\t\t\t\t<\/div>\n\t\t\t\t<div class=\"elementor-element elementor-element-aa64e89 elementor-widget elementor-widget-text-editor\" data-id=\"aa64e89\" data-element_type=\"widget\" data-e-type=\"widget\" data-widget_type=\"text-editor.default\">\n\t\t\t\t\t\t\t\t\t<h4>Vorsicht<\/h4><ul class=\"caution-list\"><li>Wir liefern in fast alle L\u00e4nder der Welt. Das bedeutet jedoch nicht immer, dass wir es auch an Sie schicken k\u00f6nnen. Bei Unvorhersehbarkeit ist es am besten, uns zu kontaktieren, bevor Sie Ihre Bestellung abschicken.<\/li><li>Denken Sie daran, dass wir bei Widerspr\u00fcchen und Widerspr\u00fcchen zu den Nachbarschaftsvorschriften immer auf der Seite der Sorgfalt stehen. Da sich die Richtlinien jedoch gelegentlich \u00e4ndern, w\u00fcrden wir uns freuen, wenn Sie uns anrufen, wenn Sie der Meinung sind, dass wir uns zu Unrecht geweigert haben, in Ihr Land zu liefern, und uns mit stichhaltigen Beweisen versorgen.<\/li><li>Die Bereitstellung von Cannabissamen ist nach dem \u00dcbereinkommen von 1961 \u00fcber kontrollierte Substanzen von der Politik ausgenommen. In L\u00e4ndern wie den Niederlanden ist die M\u00f6glichkeit, Cannabissamen zu erwerben, in den landesweiten Opium- und Bet\u00e4ubungsmittelvorschriften enthalten.<\/li><li>Die Verbreitung sowie die Politik von Cannabis-Samen \u00e4ndern sich regelm\u00e4\u00dfig. Infolgedessen empfehlen wir Ihnen, sich schnell \u00fcber die Richtlinien zu informieren, die in Ihrem Gebiet gelten.<\/li><li>Cannabis Seed Store m\u00f6chte niemanden dazu veranlassen, im Widerspruch zur Gesetzgebung zu handeln und kann nicht an diejenigen delegiert werden, die dies tun.<\/li><\/ul>\t\t\t\t\t\t\t\t<\/div>\n\t\t\t\t\t<\/div>\n\t\t<\/div>\n\t\t\t\t\t<\/div>\n\t\t<\/section>\n\t\t\t\t<\/div>","protected":false},"excerpt":{"rendered":"<p>Details zu Zahlung, Produktverpackung sowie Lieferung Sichere Abwicklung Ihrer Zahlung, diskrete Lieferung und schneller Versand Ihrer Cannabis-Samen. Bitte beachten Sie: Unsere Cannabissamen werden als Andenken vermarktet. Sie k\u00f6nnen in den Staaten\/L\u00e4ndern anbauen, in denen es legal ist, oder Sie haben eine entsprechende Genehmigung vom Amt in Ihrem Land ....<\/p>","protected":false},"author":2,"featured_media":0,"parent":1178,"menu_order":15,"comment_status":"closed","ping_status":"closed","template":"","meta":{"_seopress_robots_primary_cat":"","_seopress_titles_title":"Secure Payment and Discreet Shipping of Seeds","_seopress_titles_desc":"Information about payment, packaging, and shipping. Secure processing of your payment, discrete shipping, and fast delivery.","_seopress_robots_index":"","_kad_post_transparent":"default","_kad_post_title":"above","_kad_post_layout":"default","_kad_post_sidebar_id":"","_kad_post_content_style":"default","_kad_post_vertical_padding":"default","_kad_post_feature":"hide","_kad_post_feature_position":"","_kad_post_header":false,"_kad_post_footer":false,"_kad_post_classname":"","footnotes":""},"class_list":["post-1152","page","type-page","status-publish"],"_links":{"self":[{"href":"https:\/\/cannaseedsonline.com\/de\/wp-json\/wp\/v2\/pages\/1152","targetHints":{"allow":["GET"]}}],"collection":[{"href":"https:\/\/cannaseedsonline.com\/de\/wp-json\/wp\/v2\/pages"}],"about":[{"href":"https:\/\/cannaseedsonline.com\/de\/wp-json\/wp\/v2\/types\/page"}],"author":[{"embeddable":true,"href":"https:\/\/cannaseedsonline.com\/de\/wp-json\/wp\/v2\/users\/2"}],"replies":[{"embeddable":true,"href":"https:\/\/cannaseedsonline.com\/de\/wp-json\/wp\/v2\/comments?post=1152"}],"version-history":[{"count":0,"href":"https:\/\/cannaseedsonline.com\/de\/wp-json\/wp\/v2\/pages\/1152\/revisions"}],"up":[{"embeddable":true,"href":"https:\/\/cannaseedsonline.com\/de\/wp-json\/wp\/v2\/pages\/1178"}],"wp:attachment":[{"href":"https:\/\/cannaseedsonline.com\/de\/wp-json\/wp\/v2\/media?parent=1152"}],"curies":[{"name":"wp","href":"https:\/\/api.w.org\/{rel}","templated":true}]}}